{"id":5991,"date":"2026-04-14T22:31:03","date_gmt":"2026-04-14T20:31:03","guid":{"rendered":"https:\/\/fesa.edu.bo\/?page_id=5991"},"modified":"2026-04-14T22:46:28","modified_gmt":"2026-04-14T20:46:28","slug":"fesa-y-astra-bolivia","status":"publish","type":"page","link":"https:\/\/fesa.edu.bo\/index.php\/fesa-y-astra-bolivia\/","title":{"rendered":"FESA y ASTRA Bolivia"},"content":{"rendered":"\t\t<div data-elementor-type=\"wp-page\" data-elementor-id=\"5991\" class=\"elementor elementor-5991\">\n\t\t\t\t\t\t<section class=\"elementor-section elementor-top-section elementor-element elementor-element-3ed1347 elementor-section-boxed elementor-section-height-default elementor-section-height-default\" data-id=\"3ed1347\" data-element_type=\"section\" data-e-type=\"section\" data-settings=\"{&quot;background_background&quot;:&quot;classic&quot;}\">\n\t\t\t\t\t\t\t<div class=\"elementor-background-overlay\"><\/div>\n\t\t\t\t\t\t\t<div class=\"elementor-container elementor-column-gap-default\">\n\t\t\t\t\t<div class=\"elementor-column elementor-col-100 elementor-top-column elementor-element elementor-element-f1b71fe\" data-id=\"f1b71fe\" data-element_type=\"column\" data-e-type=\"column\">\n\t\t\t<div class=\"elementor-widget-wrap elementor-element-populated\">\n\t\t\t\t\t\t<div class=\"elementor-element elementor-element-25e2628 elementor-widget elementor-widget-heading\" data-id=\"25e2628\" data-element_type=\"widget\" data-e-type=\"widget\" data-widget_type=\"heading.default\">\n\t\t\t\t<div class=\"elementor-widget-container\">\n\t\t\t\t\t<h1 class=\"elementor-heading-title elementor-size-default\">FESA y ASTRA Bolivia firman convenio<\/h1>\t\t\t\t<\/div>\n\t\t\t\t<\/div>\n\t\t\t\t<div class=\"elementor-element elementor-element-9742c2c elementor-widget elementor-widget-heading\" data-id=\"9742c2c\" data-element_type=\"widget\" data-e-type=\"widget\" data-widget_type=\"heading.default\">\n\t\t\t\t<div class=\"elementor-widget-container\">\n\t\t\t\t\t<h1 class=\"elementor-heading-title elementor-size-default\">para impulsar el Observatorio Astron\u00f3mico San Agust\u00edn<\/h1>\t\t\t\t<\/div>\n\t\t\t\t<\/div>\n\t\t\t\t\t<\/div>\n\t\t<\/div>\n\t\t\t\t\t<\/div>\n\t\t<\/section>\n\t\t\t\t<section class=\"elementor-section elementor-top-section elementor-element elementor-element-6fe1f6f elementor-section-boxed elementor-section-height-default elementor-section-height-default\" data-id=\"6fe1f6f\" data-element_type=\"section\" data-e-type=\"section\" data-settings=\"{&quot;background_background&quot;:&quot;classic&quot;}\">\n\t\t\t\t\t\t<div class=\"elementor-container elementor-column-gap-default\">\n\t\t\t\t\t<div class=\"elementor-column elementor-col-50 elementor-top-column elementor-element elementor-element-339e12a\" data-id=\"339e12a\" data-element_type=\"column\" data-e-type=\"column\">\n\t\t\t<div class=\"elementor-widget-wrap elementor-element-populated\">\n\t\t\t\t\t\t<div class=\"elementor-element elementor-element-996e6c7 elementor-widget elementor-widget-heading\" data-id=\"996e6c7\" data-element_type=\"widget\" data-e-type=\"widget\" data-widget_type=\"heading.default\">\n\t\t\t\t<div class=\"elementor-widget-container\">\n\t\t\t\t\t<h2 class=\"elementor-heading-title elementor-size-default\">\ud83e\udd1d\u2728 FESA y ASTRA Bolivia firman convenio para impulsar el Observatorio Astron\u00f3mico San Agust\u00edn<\/h2>\t\t\t\t<\/div>\n\t\t\t\t<\/div>\n\t\t\t\t<div class=\"elementor-element elementor-element-c85e6dd elementor-widget elementor-widget-text-editor\" data-id=\"c85e6dd\" data-element_type=\"widget\" data-e-type=\"widget\" data-widget_type=\"text-editor.default\">\n\t\t\t\t<div class=\"elementor-widget-container\">\n\t\t\t\t\t\t\t\t\t<p>La Fundaci\u00f3n Educacional San Agust\u00edn (FESA) y ASTRA Bolivia suscribieron un convenio de cooperaci\u00f3n institucional para la gesti\u00f3n, administraci\u00f3n y operaci\u00f3n del Observatorio Astron\u00f3mico San Agust\u00edn (OAS), con el objetivo de reactivar este espacio y promover actividades cient\u00edficas, educativas y de divulgaci\u00f3n en astronom\u00eda.<br class=\"html-br\" \/><br class=\"html-br\" \/>Esta alianza permitir\u00e1 desarrollar talleres, programas formativos y experiencias educativas vinculadas a la ciencia espacial, fortaleciendo el enfoque STEM+ y ampliando las oportunidades de aprendizaje para estudiantes y la comunidad.<br class=\"html-br\" \/><br class=\"html-br\" \/>Con este acuerdo, FESA contin\u00faa impulsando iniciativas que fomentan la innovaci\u00f3n, la ciencia y la formaci\u00f3n integral, consolidando espacios que inspiran la curiosidad y el pensamiento cient\u00edfico.<\/p>\t\t\t\t\t\t\t\t<\/div>\n\t\t\t\t<\/div>\n\t\t\t\t\t<\/div>\n\t\t<\/div>\n\t\t\t\t<div class=\"elementor-column elementor-col-50 elementor-top-column elementor-element elementor-element-5089108\" data-id=\"5089108\" data-element_type=\"column\" data-e-type=\"column\">\n\t\t\t<div class=\"elementor-widget-wrap elementor-element-populated\">\n\t\t\t\t\t\t<div class=\"elementor-element elementor-element-986e25e elementor-widget elementor-widget-image\" data-id=\"986e25e\" data-element_type=\"widget\" data-e-type=\"widget\" data-widget_type=\"image.default\">\n\t\t\t\t<div class=\"elementor-widget-container\">\n\t\t\t\t\t\t\t\t\t\t\t\t\t\t\t\t<a href=\"https:\/\/fesa.edu.bo\/wp-content\/uploads\/2026\/04\/oas.jpg\" data-elementor-open-lightbox=\"yes\" data-elementor-lightbox-title=\"oas\" data-e-action-hash=\"#elementor-action%3Aaction%3Dlightbox%26settings%3DeyJpZCI6NTk5NiwidXJsIjoiaHR0cHM6XC9cL2Zlc2EuZWR1LmJvXC93cC1jb250ZW50XC91cGxvYWRzXC8yMDI2XC8wNFwvb2FzLmpwZyJ9\">\n\t\t\t\t\t\t\t<img fetchpriority=\"high\" decoding=\"async\" width=\"1080\" height=\"1080\" src=\"https:\/\/fesa.edu.bo\/wp-content\/uploads\/2026\/04\/oas.jpg\" class=\"attachment-full size-full wp-image-5996\" alt=\"\" srcset=\"https:\/\/fesa.edu.bo\/wp-content\/uploads\/2026\/04\/oas.jpg 1080w, https:\/\/fesa.edu.bo\/wp-content\/uploads\/2026\/04\/oas-300x300.jpg 300w, https:\/\/fesa.edu.bo\/wp-content\/uploads\/2026\/04\/oas-1024x1024.jpg 1024w, https:\/\/fesa.edu.bo\/wp-content\/uploads\/2026\/04\/oas-150x150.jpg 150w, https:\/\/fesa.edu.bo\/wp-content\/uploads\/2026\/04\/oas-768x768.jpg 768w, https:\/\/fesa.edu.bo\/wp-content\/uploads\/2026\/04\/oas-100x100.jpg 100w, https:\/\/fesa.edu.bo\/wp-content\/uploads\/2026\/04\/oas-200x200.jpg 200w, https:\/\/fesa.edu.bo\/wp-content\/uploads\/2026\/04\/oas-450x450.jpg 450w, https:\/\/fesa.edu.bo\/wp-content\/uploads\/2026\/04\/oas-600x600.jpg 600w, https:\/\/fesa.edu.bo\/wp-content\/uploads\/2026\/04\/oas-900x900.jpg 900w\" sizes=\"(max-width: 1080px) 100vw, 1080px\" \/>\t\t\t\t\t\t\t\t<\/a>\n\t\t\t\t\t\t\t\t\t\t\t\t\t\t\t<\/div>\n\t\t\t\t<\/div>\n\t\t\t\t\t<\/div>\n\t\t<\/div>\n\t\t\t\t\t<\/div>\n\t\t<\/section>\n\t\t\t\t<\/div>\n\t\t","protected":false},"excerpt":{"rendered":"<p>FESA y ASTRA Bolivia firman convenio para impulsar el Observatorio Astron\u00f3mico San Agust\u00edn \ud83e\udd1d\u2728 FESA y ASTRA Bolivia firman convenio para impulsar el Observatorio Astron\u00f3mico San Agust\u00edn La Fundaci\u00f3n Educacional San Agust\u00edn (FESA) y ASTRA Bolivia suscribieron un convenio de &hellip;<\/p>\n<p class=\"read-more\"> <a class=\"more-link\" href=\"https:\/\/fesa.edu.bo\/index.php\/fesa-y-astra-bolivia\/\"> <span class=\"screen-reader-text\">FESA y ASTRA Bolivia<\/span> Read More &raquo;<\/a><\/p>\n","protected":false},"author":1,"featured_media":0,"parent":0,"menu_order":0,"comment_status":"closed","ping_status":"closed","template":"elementor_header_footer","meta":{"pmpro_default_level":"","footnotes":""},"class_list":["post-5991","page","type-page","status-publish","hentry","pmpro-has-access"],"featured_image_src":"","featured_image_src_square":false,"rbea_author_info":{"display_name":"juan.choque","author_link":"https:\/\/fesa.edu.bo\/author\/juan-choque\/"},"rbea_excerpt_info":"FESA y ASTRA Bolivia firman convenio para impulsar el Observatorio Astron\u00f3mico San Agust\u00edn \ud83e\udd1d\u2728 FESA y ASTRA Bolivia firman convenio para impulsar el Observatorio Astron\u00f3mico San Agust\u00edn La Fundaci\u00f3n Educacional San Agust\u00edn (FESA) y ASTRA Bolivia suscribieron un convenio de &hellip;<p class=\"read-more\"> <a class=\"more-link\" href=\"https:\/\/fesa.edu.bo\/index.php\/fesa-y-astra-bolivia\/\"> <span class=\"screen-reader-text\">FESA y ASTRA Bolivia<\/span> Read More &raquo;<\/a><\/p>","_links":{"self":[{"href":"https:\/\/fesa.edu.bo\/index.php\/wp-json\/wp\/v2\/pages\/5991","targetHints":{"allow":["GET"]}}],"collection":[{"href":"https:\/\/fesa.edu.bo\/index.php\/wp-json\/wp\/v2\/pages"}],"about":[{"href":"https:\/\/fesa.edu.bo\/index.php\/wp-json\/wp\/v2\/types\/page"}],"author":[{"embeddable":true,"href":"https:\/\/fesa.edu.bo\/index.php\/wp-json\/wp\/v2\/users\/1"}],"replies":[{"embeddable":true,"href":"https:\/\/fesa.edu.bo\/index.php\/wp-json\/wp\/v2\/comments?post=5991"}],"version-history":[{"count":7,"href":"https:\/\/fesa.edu.bo\/index.php\/wp-json\/wp\/v2\/pages\/5991\/revisions"}],"predecessor-version":[{"id":6002,"href":"https:\/\/fesa.edu.bo\/index.php\/wp-json\/wp\/v2\/pages\/5991\/revisions\/6002"}],"wp:attachment":[{"href":"https:\/\/fesa.edu.bo\/index.php\/wp-json\/wp\/v2\/media?parent=5991"}],"curies":[{"name":"wp","href":"https:\/\/api.w.org\/{rel}","templated":true}]}}