{"id":5595,"date":"2025-12-02T16:39:14","date_gmt":"2025-12-02T15:39:14","guid":{"rendered":"https:\/\/fesa.edu.bo\/?page_id=5595"},"modified":"2025-12-02T16:45:50","modified_gmt":"2025-12-02T15:45:50","slug":"labexa-2025","status":"publish","type":"page","link":"https:\/\/fesa.edu.bo\/index.php\/labexa-2025\/","title":{"rendered":"LABEXA 2025"},"content":{"rendered":"\t\t<div data-elementor-type=\"wp-page\" data-elementor-id=\"5595\" class=\"elementor elementor-5595\">\n\t\t\t\t\t\t<section class=\"elementor-section elementor-top-section elementor-element elementor-element-3ed1347 elementor-section-boxed elementor-section-height-default elementor-section-height-default\" data-id=\"3ed1347\" data-element_type=\"section\" data-e-type=\"section\" data-settings=\"{&quot;background_background&quot;:&quot;classic&quot;}\">\n\t\t\t\t\t\t\t<div class=\"elementor-background-overlay\"><\/div>\n\t\t\t\t\t\t\t<div class=\"elementor-container elementor-column-gap-default\">\n\t\t\t\t\t<div class=\"elementor-column elementor-col-100 elementor-top-column elementor-element elementor-element-f1b71fe\" data-id=\"f1b71fe\" data-element_type=\"column\" data-e-type=\"column\" data-settings=\"{&quot;background_background&quot;:&quot;gradient&quot;}\">\n\t\t\t<div class=\"elementor-widget-wrap elementor-element-populated\">\n\t\t\t\t\t\t<div class=\"elementor-element elementor-element-25e2628 elementor-widget elementor-widget-heading\" data-id=\"25e2628\" data-element_type=\"widget\" data-e-type=\"widget\" data-widget_type=\"heading.default\">\n\t\t\t\t<div class=\"elementor-widget-container\">\n\t\t\t\t\t<h1 class=\"elementor-heading-title elementor-size-default\">LABEXA<\/h1>\t\t\t\t<\/div>\n\t\t\t\t<\/div>\n\t\t\t\t<div class=\"elementor-element elementor-element-656a37a elementor-widget elementor-widget-heading\" data-id=\"656a37a\" data-element_type=\"widget\" data-e-type=\"widget\" data-widget_type=\"heading.default\">\n\t\t\t\t<div class=\"elementor-widget-container\">\n\t\t\t\t\t<h2 class=\"elementor-heading-title elementor-size-default\">Un puente entre la excelencia escolar y la educaci\u00f3n superior<\/h2>\t\t\t\t<\/div>\n\t\t\t\t<\/div>\n\t\t\t\t\t<\/div>\n\t\t<\/div>\n\t\t\t\t\t<\/div>\n\t\t<\/section>\n\t\t\t\t<section class=\"elementor-section elementor-top-section elementor-element elementor-element-6fe1f6f elementor-section-boxed elementor-section-height-default elementor-section-height-default\" data-id=\"6fe1f6f\" data-element_type=\"section\" data-e-type=\"section\" data-settings=\"{&quot;background_background&quot;:&quot;classic&quot;}\">\n\t\t\t\t\t\t<div class=\"elementor-container elementor-column-gap-default\">\n\t\t\t\t\t<div class=\"elementor-column elementor-col-50 elementor-top-column elementor-element elementor-element-339e12a\" data-id=\"339e12a\" data-element_type=\"column\" data-e-type=\"column\">\n\t\t\t<div class=\"elementor-widget-wrap elementor-element-populated\">\n\t\t\t\t\t\t<div class=\"elementor-element elementor-element-996e6c7 elementor-widget elementor-widget-heading\" data-id=\"996e6c7\" data-element_type=\"widget\" data-e-type=\"widget\" data-widget_type=\"heading.default\">\n\t\t\t\t<div class=\"elementor-widget-container\">\n\t\t\t\t\t<h2 class=\"elementor-heading-title elementor-size-default\">LABEXA:<br \/> un puente entre la excelencia escolar y la educaci\u00f3n superior<\/h2>\t\t\t\t<\/div>\n\t\t\t\t<\/div>\n\t\t\t\t<div class=\"elementor-element elementor-element-be42a1c elementor-widget elementor-widget-text-editor\" data-id=\"be42a1c\" data-element_type=\"widget\" data-e-type=\"widget\" data-widget_type=\"text-editor.default\">\n\t\t\t\t<div class=\"elementor-widget-container\">\n\t\t\t\t\t\t\t\t\t<p>La <strong>Fundaci\u00f3n Educacional San Agust\u00edn<\/strong> y la <strong>Universidad Privada Boliviana (UPB)<\/strong> presentaron oficialmente LABEXA, un programa innovador que conecta la excelencia acad\u00e9mica con experiencias formativas de alto nivel para estudiantes de sexto de secundaria.<\/p><p><strong>LABEXA<\/strong> es una<strong> Preparatoria Universitaria certificada por FESA y la UPB<\/strong>, dise\u00f1ada para fortalecer competencias clave en tres rutas acad\u00e9micas estrat\u00e9gicas:<\/p><p>\u2022 <strong>Matem\u00e1ticas<\/strong><br \/>\u2022 <strong>F\u00edsica<\/strong><br \/>\u2022 <strong>Comunicaci\u00f3n<\/strong><\/p>\t\t\t\t\t\t\t\t<\/div>\n\t\t\t\t<\/div>\n\t\t\t\t\t<\/div>\n\t\t<\/div>\n\t\t\t\t<div class=\"elementor-column elementor-col-50 elementor-top-column elementor-element elementor-element-5089108\" data-id=\"5089108\" data-element_type=\"column\" data-e-type=\"column\">\n\t\t\t<div class=\"elementor-widget-wrap elementor-element-populated\">\n\t\t\t\t\t\t<div class=\"elementor-element elementor-element-888986f elementor-widget elementor-widget-image\" data-id=\"888986f\" data-element_type=\"widget\" data-e-type=\"widget\" data-widget_type=\"image.default\">\n\t\t\t\t<div class=\"elementor-widget-container\">\n\t\t\t\t\t\t\t\t\t\t\t\t\t\t\t\t<a href=\"https:\/\/fesa.edu.bo\/wp-content\/uploads\/2025\/12\/8-3.jpg\" data-elementor-open-lightbox=\"yes\" data-elementor-lightbox-title=\"8\" data-e-action-hash=\"#elementor-action%3Aaction%3Dlightbox%26settings%3DeyJpZCI6NTU5NywidXJsIjoiaHR0cHM6XC9cL2Zlc2EuZWR1LmJvXC93cC1jb250ZW50XC91cGxvYWRzXC8yMDI1XC8xMlwvOC0zLmpwZyJ9\">\n\t\t\t\t\t\t\t<img fetchpriority=\"high\" decoding=\"async\" width=\"940\" height=\"788\" src=\"https:\/\/fesa.edu.bo\/wp-content\/uploads\/2025\/12\/8-3.jpg\" class=\"attachment-full size-full wp-image-5597\" alt=\"\" srcset=\"https:\/\/fesa.edu.bo\/wp-content\/uploads\/2025\/12\/8-3.jpg 940w, https:\/\/fesa.edu.bo\/wp-content\/uploads\/2025\/12\/8-3-300x251.jpg 300w, https:\/\/fesa.edu.bo\/wp-content\/uploads\/2025\/12\/8-3-768x644.jpg 768w, https:\/\/fesa.edu.bo\/wp-content\/uploads\/2025\/12\/8-3-100x84.jpg 100w, https:\/\/fesa.edu.bo\/wp-content\/uploads\/2025\/12\/8-3-150x126.jpg 150w, https:\/\/fesa.edu.bo\/wp-content\/uploads\/2025\/12\/8-3-200x168.jpg 200w, https:\/\/fesa.edu.bo\/wp-content\/uploads\/2025\/12\/8-3-450x377.jpg 450w, https:\/\/fesa.edu.bo\/wp-content\/uploads\/2025\/12\/8-3-600x503.jpg 600w, https:\/\/fesa.edu.bo\/wp-content\/uploads\/2025\/12\/8-3-900x754.jpg 900w\" sizes=\"(max-width: 940px) 100vw, 940px\" \/>\t\t\t\t\t\t\t\t<\/a>\n\t\t\t\t\t\t\t\t\t\t\t\t\t\t\t<\/div>\n\t\t\t\t<\/div>\n\t\t\t\t\t<\/div>\n\t\t<\/div>\n\t\t\t\t\t<\/div>\n\t\t<\/section>\n\t\t\t\t<section class=\"elementor-section elementor-top-section elementor-element elementor-element-b0965b2 elementor-section-boxed elementor-section-height-default elementor-section-height-default\" data-id=\"b0965b2\" data-element_type=\"section\" data-e-type=\"section\" data-settings=\"{&quot;background_background&quot;:&quot;classic&quot;}\">\n\t\t\t\t\t\t<div class=\"elementor-container elementor-column-gap-default\">\n\t\t\t\t\t<div class=\"elementor-column elementor-col-50 elementor-top-column elementor-element elementor-element-b23331d\" data-id=\"b23331d\" data-element_type=\"column\" data-e-type=\"column\">\n\t\t\t<div class=\"elementor-widget-wrap elementor-element-populated\">\n\t\t\t\t\t\t<div class=\"elementor-element elementor-element-0711c89 elementor-widget elementor-widget-image\" data-id=\"0711c89\" data-element_type=\"widget\" data-e-type=\"widget\" data-widget_type=\"image.default\">\n\t\t\t\t<div class=\"elementor-widget-container\">\n\t\t\t\t\t\t\t\t\t\t\t\t\t\t\t\t<a href=\"https:\/\/fesa.edu.bo\/wp-content\/uploads\/2025\/12\/1-2.jpg\" data-elementor-open-lightbox=\"yes\" data-elementor-lightbox-title=\"1\" data-e-action-hash=\"#elementor-action%3Aaction%3Dlightbox%26settings%3DeyJpZCI6NTU5OCwidXJsIjoiaHR0cHM6XC9cL2Zlc2EuZWR1LmJvXC93cC1jb250ZW50XC91cGxvYWRzXC8yMDI1XC8xMlwvMS0yLmpwZyJ9\">\n\t\t\t\t\t\t\t<img decoding=\"async\" width=\"940\" height=\"788\" src=\"https:\/\/fesa.edu.bo\/wp-content\/uploads\/2025\/12\/1-2.jpg\" class=\"attachment-full size-full wp-image-5598\" alt=\"\" srcset=\"https:\/\/fesa.edu.bo\/wp-content\/uploads\/2025\/12\/1-2.jpg 940w, https:\/\/fesa.edu.bo\/wp-content\/uploads\/2025\/12\/1-2-300x251.jpg 300w, https:\/\/fesa.edu.bo\/wp-content\/uploads\/2025\/12\/1-2-768x644.jpg 768w, https:\/\/fesa.edu.bo\/wp-content\/uploads\/2025\/12\/1-2-100x84.jpg 100w, https:\/\/fesa.edu.bo\/wp-content\/uploads\/2025\/12\/1-2-150x126.jpg 150w, https:\/\/fesa.edu.bo\/wp-content\/uploads\/2025\/12\/1-2-200x168.jpg 200w, https:\/\/fesa.edu.bo\/wp-content\/uploads\/2025\/12\/1-2-450x377.jpg 450w, https:\/\/fesa.edu.bo\/wp-content\/uploads\/2025\/12\/1-2-600x503.jpg 600w, https:\/\/fesa.edu.bo\/wp-content\/uploads\/2025\/12\/1-2-900x754.jpg 900w\" sizes=\"(max-width: 940px) 100vw, 940px\" \/>\t\t\t\t\t\t\t\t<\/a>\n\t\t\t\t\t\t\t\t\t\t\t\t\t\t\t<\/div>\n\t\t\t\t<\/div>\n\t\t\t\t\t<\/div>\n\t\t<\/div>\n\t\t\t\t<div class=\"elementor-column elementor-col-50 elementor-top-column elementor-element elementor-element-3ea5304\" data-id=\"3ea5304\" data-element_type=\"column\" data-e-type=\"column\">\n\t\t\t<div class=\"elementor-widget-wrap elementor-element-populated\">\n\t\t\t\t\t\t<div class=\"elementor-element elementor-element-9d1afc0 elementor-widget elementor-widget-text-editor\" data-id=\"9d1afc0\" data-element_type=\"widget\" data-e-type=\"widget\" data-widget_type=\"text-editor.default\">\n\t\t\t\t<div class=\"elementor-widget-container\">\n\t\t\t\t\t\t\t\t\t<p>El programa nace con el prop\u00f3sito de <strong>cerrar la brecha entre colegio y universidad<\/strong>, brindando a las y los j\u00f3venes las herramientas necesarias para ingresar con solvencia a la educaci\u00f3n superior. A trav\u00e9s de clases especializadas, laboratorios, pr\u00e1cticas guiadas, comunicaci\u00f3n acad\u00e9mica y evaluaciones aut\u00e9nticas, los estudiantes desarrollar\u00e1n habilidades cognitivas, cient\u00edficas y comunicacionales alineadas a est\u00e1ndares internacionales.<\/p><p>LABEXA representa un paso firme hacia una educaci\u00f3n que une<strong> innovaci\u00f3n, rigor cient\u00edfico y valores agustinos<\/strong>, formando futuros l\u00edderes capaces de responder a los desaf\u00edos del mundo actual.<\/p>\t\t\t\t\t\t\t\t<\/div>\n\t\t\t\t<\/div>\n\t\t\t\t<div class=\"elementor-element elementor-element-ed7b261 elementor-widget elementor-widget-text-editor\" data-id=\"ed7b261\" data-element_type=\"widget\" data-e-type=\"widget\" data-widget_type=\"text-editor.default\">\n\t\t\t\t<div class=\"elementor-widget-container\">\n\t\t\t\t\t\t\t\t\t<p style=\"text-align: center;\"><strong><em>Con este lanzamiento, FESA y la UPB consolidan una alianza que impulsa oportunidades reales para el crecimiento acad\u00e9mico y profesional de la juventud boliviana.<\/em><\/strong><\/p>\t\t\t\t\t\t\t\t<\/div>\n\t\t\t\t<\/div>\n\t\t\t\t\t<\/div>\n\t\t<\/div>\n\t\t\t\t\t<\/div>\n\t\t<\/section>\n\t\t\t\t<section class=\"elementor-section elementor-top-section elementor-element elementor-element-c079297 elementor-section-boxed elementor-section-height-default elementor-section-height-default\" data-id=\"c079297\" data-element_type=\"section\" data-e-type=\"section\" data-settings=\"{&quot;background_background&quot;:&quot;classic&quot;}\">\n\t\t\t\t\t\t<div class=\"elementor-container elementor-column-gap-default\">\n\t\t\t\t\t<div class=\"elementor-column elementor-col-100 elementor-top-column elementor-element elementor-element-8a32f63\" data-id=\"8a32f63\" data-element_type=\"column\" data-e-type=\"column\">\n\t\t\t<div class=\"elementor-widget-wrap elementor-element-populated\">\n\t\t\t\t\t\t<div class=\"elementor-element elementor-element-d501825 elementor-arrows-position-inside elementor-pagination-position-outside elementor-widget elementor-widget-image-carousel\" data-id=\"d501825\" data-element_type=\"widget\" data-e-type=\"widget\" data-settings=\"{&quot;navigation&quot;:&quot;both&quot;,&quot;autoplay&quot;:&quot;yes&quot;,&quot;pause_on_hover&quot;:&quot;yes&quot;,&quot;pause_on_interaction&quot;:&quot;yes&quot;,&quot;autoplay_speed&quot;:5000,&quot;infinite&quot;:&quot;yes&quot;,&quot;speed&quot;:500}\" data-widget_type=\"image-carousel.default\">\n\t\t\t\t<div class=\"elementor-widget-container\">\n\t\t\t\t\t\t\t<div class=\"elementor-image-carousel-wrapper swiper\" role=\"region\" aria-roledescription=\"carousel\" aria-label=\"Image Carousel\" dir=\"ltr\">\n\t\t\t<div class=\"elementor-image-carousel swiper-wrapper\" aria-live=\"off\">\n\t\t\t\t\t\t\t\t<div class=\"swiper-slide\" role=\"group\" aria-roledescription=\"slide\" aria-label=\"1 of 8\"><a data-elementor-open-lightbox=\"yes\" data-elementor-lightbox-slideshow=\"d501825\" data-elementor-lightbox-title=\"1\" data-e-action-hash=\"#elementor-action%3Aaction%3Dlightbox%26settings%3DeyJpZCI6NTYwOSwidXJsIjoiaHR0cHM6XC9cL2Zlc2EuZWR1LmJvXC93cC1jb250ZW50XC91cGxvYWRzXC8yMDI1XC8xMlwvMS0zLmpwZyIsInNsaWRlc2hvdyI6ImQ1MDE4MjUifQ%3D%3D\" href=\"https:\/\/fesa.edu.bo\/wp-content\/uploads\/2025\/12\/1-3.jpg\"><figure class=\"swiper-slide-inner\"><img decoding=\"async\" class=\"swiper-slide-image\" src=\"https:\/\/fesa.edu.bo\/wp-content\/uploads\/2025\/12\/1-3-300x251.jpg\" alt=\"1\" \/><\/figure><\/a><\/div><div class=\"swiper-slide\" role=\"group\" aria-roledescription=\"slide\" aria-label=\"2 of 8\"><a data-elementor-open-lightbox=\"yes\" data-elementor-lightbox-slideshow=\"d501825\" data-elementor-lightbox-title=\"2\" data-e-action-hash=\"#elementor-action%3Aaction%3Dlightbox%26settings%3DeyJpZCI6NTYxMCwidXJsIjoiaHR0cHM6XC9cL2Zlc2EuZWR1LmJvXC93cC1jb250ZW50XC91cGxvYWRzXC8yMDI1XC8xMlwvMi0zLmpwZyIsInNsaWRlc2hvdyI6ImQ1MDE4MjUifQ%3D%3D\" href=\"https:\/\/fesa.edu.bo\/wp-content\/uploads\/2025\/12\/2-3.jpg\"><figure class=\"swiper-slide-inner\"><img decoding=\"async\" class=\"swiper-slide-image\" src=\"https:\/\/fesa.edu.bo\/wp-content\/uploads\/2025\/12\/2-3-300x251.jpg\" alt=\"2\" \/><\/figure><\/a><\/div><div class=\"swiper-slide\" role=\"group\" aria-roledescription=\"slide\" aria-label=\"3 of 8\"><a data-elementor-open-lightbox=\"yes\" data-elementor-lightbox-slideshow=\"d501825\" data-elementor-lightbox-title=\"3\" data-e-action-hash=\"#elementor-action%3Aaction%3Dlightbox%26settings%3DeyJpZCI6NTYxMSwidXJsIjoiaHR0cHM6XC9cL2Zlc2EuZWR1LmJvXC93cC1jb250ZW50XC91cGxvYWRzXC8yMDI1XC8xMlwvMy0yLmpwZyIsInNsaWRlc2hvdyI6ImQ1MDE4MjUifQ%3D%3D\" href=\"https:\/\/fesa.edu.bo\/wp-content\/uploads\/2025\/12\/3-2.jpg\"><figure class=\"swiper-slide-inner\"><img decoding=\"async\" class=\"swiper-slide-image\" src=\"https:\/\/fesa.edu.bo\/wp-content\/uploads\/2025\/12\/3-2-300x251.jpg\" alt=\"3\" \/><\/figure><\/a><\/div><div class=\"swiper-slide\" role=\"group\" aria-roledescription=\"slide\" aria-label=\"4 of 8\"><a data-elementor-open-lightbox=\"yes\" data-elementor-lightbox-slideshow=\"d501825\" data-elementor-lightbox-title=\"4\" data-e-action-hash=\"#elementor-action%3Aaction%3Dlightbox%26settings%3DeyJpZCI6NTYxMiwidXJsIjoiaHR0cHM6XC9cL2Zlc2EuZWR1LmJvXC93cC1jb250ZW50XC91cGxvYWRzXC8yMDI1XC8xMlwvNC0xLmpwZyIsInNsaWRlc2hvdyI6ImQ1MDE4MjUifQ%3D%3D\" href=\"https:\/\/fesa.edu.bo\/wp-content\/uploads\/2025\/12\/4-1.jpg\"><figure class=\"swiper-slide-inner\"><img decoding=\"async\" class=\"swiper-slide-image\" src=\"https:\/\/fesa.edu.bo\/wp-content\/uploads\/2025\/12\/4-1-300x251.jpg\" alt=\"4\" \/><\/figure><\/a><\/div><div class=\"swiper-slide\" role=\"group\" aria-roledescription=\"slide\" aria-label=\"5 of 8\"><a data-elementor-open-lightbox=\"yes\" data-elementor-lightbox-slideshow=\"d501825\" data-elementor-lightbox-title=\"5\" data-e-action-hash=\"#elementor-action%3Aaction%3Dlightbox%26settings%3DeyJpZCI6NTYxMywidXJsIjoiaHR0cHM6XC9cL2Zlc2EuZWR1LmJvXC93cC1jb250ZW50XC91cGxvYWRzXC8yMDI1XC8xMlwvNS0yLmpwZyIsInNsaWRlc2hvdyI6ImQ1MDE4MjUifQ%3D%3D\" href=\"https:\/\/fesa.edu.bo\/wp-content\/uploads\/2025\/12\/5-2.jpg\"><figure class=\"swiper-slide-inner\"><img decoding=\"async\" class=\"swiper-slide-image\" src=\"https:\/\/fesa.edu.bo\/wp-content\/uploads\/2025\/12\/5-2-300x251.jpg\" alt=\"5\" \/><\/figure><\/a><\/div><div class=\"swiper-slide\" role=\"group\" aria-roledescription=\"slide\" aria-label=\"6 of 8\"><a data-elementor-open-lightbox=\"yes\" data-elementor-lightbox-slideshow=\"d501825\" data-elementor-lightbox-title=\"6\" data-e-action-hash=\"#elementor-action%3Aaction%3Dlightbox%26settings%3DeyJpZCI6NTYxNCwidXJsIjoiaHR0cHM6XC9cL2Zlc2EuZWR1LmJvXC93cC1jb250ZW50XC91cGxvYWRzXC8yMDI1XC8xMlwvNi0xLmpwZyIsInNsaWRlc2hvdyI6ImQ1MDE4MjUifQ%3D%3D\" href=\"https:\/\/fesa.edu.bo\/wp-content\/uploads\/2025\/12\/6-1.jpg\"><figure class=\"swiper-slide-inner\"><img decoding=\"async\" class=\"swiper-slide-image\" src=\"https:\/\/fesa.edu.bo\/wp-content\/uploads\/2025\/12\/6-1-300x251.jpg\" alt=\"6\" \/><\/figure><\/a><\/div><div class=\"swiper-slide\" role=\"group\" aria-roledescription=\"slide\" aria-label=\"7 of 8\"><a data-elementor-open-lightbox=\"yes\" data-elementor-lightbox-slideshow=\"d501825\" data-elementor-lightbox-title=\"7\" data-e-action-hash=\"#elementor-action%3Aaction%3Dlightbox%26settings%3DeyJpZCI6NTYxNSwidXJsIjoiaHR0cHM6XC9cL2Zlc2EuZWR1LmJvXC93cC1jb250ZW50XC91cGxvYWRzXC8yMDI1XC8xMlwvNy0yLmpwZyIsInNsaWRlc2hvdyI6ImQ1MDE4MjUifQ%3D%3D\" href=\"https:\/\/fesa.edu.bo\/wp-content\/uploads\/2025\/12\/7-2.jpg\"><figure class=\"swiper-slide-inner\"><img decoding=\"async\" class=\"swiper-slide-image\" src=\"https:\/\/fesa.edu.bo\/wp-content\/uploads\/2025\/12\/7-2-300x251.jpg\" alt=\"7\" \/><\/figure><\/a><\/div><div class=\"swiper-slide\" role=\"group\" aria-roledescription=\"slide\" aria-label=\"8 of 8\"><a data-elementor-open-lightbox=\"yes\" data-elementor-lightbox-slideshow=\"d501825\" data-elementor-lightbox-title=\"8\" data-e-action-hash=\"#elementor-action%3Aaction%3Dlightbox%26settings%3DeyJpZCI6NTYxNiwidXJsIjoiaHR0cHM6XC9cL2Zlc2EuZWR1LmJvXC93cC1jb250ZW50XC91cGxvYWRzXC8yMDI1XC8xMlwvOC00LmpwZyIsInNsaWRlc2hvdyI6ImQ1MDE4MjUifQ%3D%3D\" href=\"https:\/\/fesa.edu.bo\/wp-content\/uploads\/2025\/12\/8-4.jpg\"><figure class=\"swiper-slide-inner\"><img decoding=\"async\" class=\"swiper-slide-image\" src=\"https:\/\/fesa.edu.bo\/wp-content\/uploads\/2025\/12\/8-4-300x251.jpg\" alt=\"8\" \/><\/figure><\/a><\/div>\t\t\t<\/div>\n\t\t\t\t\t\t\t\t\t\t\t\t<div class=\"elementor-swiper-button elementor-swiper-button-prev\" role=\"button\" tabindex=\"0\">\n\t\t\t\t\t\t<svg aria-hidden=\"true\" class=\"e-font-icon-svg e-eicon-chevron-left\" viewBox=\"0 0 1000 1000\" xmlns=\"http:\/\/www.w3.org\/2000\/svg\"><path d=\"M646 125C629 125 613 133 604 142L308 442C296 454 292 471 292 487 292 504 296 521 308 533L604 854C617 867 629 875 646 875 663 875 679 871 692 858 704 846 713 829 713 812 713 796 708 779 692 767L438 487 692 225C700 217 708 204 708 187 708 171 704 154 692 142 675 129 663 125 646 125Z\"><\/path><\/svg>\t\t\t\t\t<\/div>\n\t\t\t\t\t<div class=\"elementor-swiper-button elementor-swiper-button-next\" role=\"button\" tabindex=\"0\">\n\t\t\t\t\t\t<svg aria-hidden=\"true\" class=\"e-font-icon-svg e-eicon-chevron-right\" viewBox=\"0 0 1000 1000\" xmlns=\"http:\/\/www.w3.org\/2000\/svg\"><path d=\"M696 533C708 521 713 504 713 487 713 471 708 454 696 446L400 146C388 133 375 125 354 125 338 125 325 129 313 142 300 154 292 171 292 187 292 204 296 221 308 233L563 492 304 771C292 783 288 800 288 817 288 833 296 850 308 863 321 871 338 875 354 875 371 875 388 867 400 854L696 533Z\"><\/path><\/svg>\t\t\t\t\t<\/div>\n\t\t\t\t\n\t\t\t\t\t\t\t\t\t<div class=\"swiper-pagination\"><\/div>\n\t\t\t\t\t\t\t\t\t<\/div>\n\t\t\t\t\t\t<\/div>\n\t\t\t\t<\/div>\n\t\t\t\t\t<\/div>\n\t\t<\/div>\n\t\t\t\t\t<\/div>\n\t\t<\/section>\n\t\t\t\t<\/div>\n\t\t","protected":false},"excerpt":{"rendered":"<p>LABEXA Un puente entre la excelencia escolar y la educaci\u00f3n superior LABEXA: un puente entre la excelencia escolar y la educaci\u00f3n superior La Fundaci\u00f3n Educacional San Agust\u00edn y la Universidad Privada Boliviana (UPB) presentaron oficialmente LABEXA, un programa innovador que &hellip;<\/p>\n<p class=\"read-more\"> <a class=\"more-link\" href=\"https:\/\/fesa.edu.bo\/index.php\/labexa-2025\/\"> <span class=\"screen-reader-text\">LABEXA 2025<\/span> Read More &raquo;<\/a><\/p>\n","protected":false},"author":1,"featured_media":0,"parent":0,"menu_order":0,"comment_status":"closed","ping_status":"closed","template":"elementor_header_footer","meta":{"pmpro_default_level":"","footnotes":""},"class_list":["post-5595","page","type-page","status-publish","hentry","pmpro-has-access"],"featured_image_src":"","featured_image_src_square":false,"rbea_author_info":{"display_name":"juan.choque","author_link":"https:\/\/fesa.edu.bo\/author\/juan-choque\/"},"rbea_excerpt_info":"LABEXA Un puente entre la excelencia escolar y la educaci\u00f3n superior LABEXA: un puente entre la excelencia escolar y la educaci\u00f3n superior La Fundaci\u00f3n Educacional San Agust\u00edn y la Universidad Privada Boliviana (UPB) presentaron oficialmente LABEXA, un programa innovador que &hellip;<p class=\"read-more\"> <a class=\"more-link\" href=\"https:\/\/fesa.edu.bo\/index.php\/labexa-2025\/\"> <span class=\"screen-reader-text\">LABEXA 2025<\/span> Read More &raquo;<\/a><\/p>","_links":{"self":[{"href":"https:\/\/fesa.edu.bo\/index.php\/wp-json\/wp\/v2\/pages\/5595","targetHints":{"allow":["GET"]}}],"collection":[{"href":"https:\/\/fesa.edu.bo\/index.php\/wp-json\/wp\/v2\/pages"}],"about":[{"href":"https:\/\/fesa.edu.bo\/index.php\/wp-json\/wp\/v2\/types\/page"}],"author":[{"embeddable":true,"href":"https:\/\/fesa.edu.bo\/index.php\/wp-json\/wp\/v2\/users\/1"}],"replies":[{"embeddable":true,"href":"https:\/\/fesa.edu.bo\/index.php\/wp-json\/wp\/v2\/comments?post=5595"}],"version-history":[{"count":13,"href":"https:\/\/fesa.edu.bo\/index.php\/wp-json\/wp\/v2\/pages\/5595\/revisions"}],"predecessor-version":[{"id":5619,"href":"https:\/\/fesa.edu.bo\/index.php\/wp-json\/wp\/v2\/pages\/5595\/revisions\/5619"}],"wp:attachment":[{"href":"https:\/\/fesa.edu.bo\/index.php\/wp-json\/wp\/v2\/media?parent=5595"}],"curies":[{"name":"wp","href":"https:\/\/api.w.org\/{rel}","templated":true}]}}