{"id":5438,"date":"2025-11-27T22:15:19","date_gmt":"2025-11-27T21:15:19","guid":{"rendered":"https:\/\/fesa.edu.bo\/?page_id=5438"},"modified":"2025-11-27T22:18:36","modified_gmt":"2025-11-27T21:18:36","slug":"revista-kantuta-2025","status":"publish","type":"page","link":"https:\/\/fesa.edu.bo\/index.php\/revista-kantuta-2025\/","title":{"rendered":"Revista Kantuta 2025"},"content":{"rendered":"\t\t<div data-elementor-type=\"wp-page\" data-elementor-id=\"5438\" class=\"elementor elementor-5438\">\n\t\t\t\t\t\t<section class=\"elementor-section elementor-top-section elementor-element elementor-element-0717e84 elementor-section-boxed elementor-section-height-default elementor-section-height-default\" data-id=\"0717e84\" data-element_type=\"section\" data-e-type=\"section\" data-settings=\"{&quot;background_background&quot;:&quot;classic&quot;}\">\n\t\t\t\t\t\t\t<div class=\"elementor-background-overlay\"><\/div>\n\t\t\t\t\t\t\t<div class=\"elementor-container elementor-column-gap-default\">\n\t\t\t\t\t<div class=\"elementor-column elementor-col-100 elementor-top-column elementor-element elementor-element-3c87f18\" data-id=\"3c87f18\" data-element_type=\"column\" data-e-type=\"column\">\n\t\t\t<div class=\"elementor-widget-wrap elementor-element-populated\">\n\t\t\t\t\t\t<div class=\"elementor-element elementor-element-3dd58c0 elementor-widget elementor-widget-heading\" data-id=\"3dd58c0\" data-element_type=\"widget\" data-e-type=\"widget\" data-widget_type=\"heading.default\">\n\t\t\t\t<div class=\"elementor-widget-container\">\n\t\t\t\t\t<h1 class=\"elementor-heading-title elementor-size-default\">\ud835\udde3\ud835\uddff\ud835\uddf2\ud835\ude00\ud835\uddf2\ud835\uddfb\ud835\ude01\ud835\uddee\ud835\uddfa\ud835\uddfc\ud835\ude00 \ud835\uddf9\ud835\uddee \ud835\udde5\ud835\uddf2\ud835\ude03\ud835\uddf6\ud835\ude00\ud835\ude01\ud835\uddee \ud835\uddde\ud835\uddee\ud835\uddfb\ud835\ude01\ud835\ude02\ud835\ude01\ud835\uddee \ud835\udfee\ud835\udfec\ud835\udfee\ud835\udff1<\/h1>\t\t\t\t<\/div>\n\t\t\t\t<\/div>\n\t\t\t\t\t<\/div>\n\t\t<\/div>\n\t\t\t\t\t<\/div>\n\t\t<\/section>\n\t\t\t\t<section class=\"elementor-section elementor-top-section elementor-element elementor-element-69825a2 elementor-section-boxed elementor-section-height-default elementor-section-height-default\" data-id=\"69825a2\" data-element_type=\"section\" data-e-type=\"section\">\n\t\t\t\t\t\t<div class=\"elementor-container elementor-column-gap-default\">\n\t\t\t\t\t<div class=\"elementor-column elementor-col-33 elementor-top-column elementor-element elementor-element-f053930\" data-id=\"f053930\" data-element_type=\"column\" data-e-type=\"column\">\n\t\t\t<div class=\"elementor-widget-wrap elementor-element-populated\">\n\t\t\t\t\t\t<div class=\"elementor-element elementor-element-2e1dfba elementor-widget elementor-widget-heading\" data-id=\"2e1dfba\" data-element_type=\"widget\" data-e-type=\"widget\" data-widget_type=\"heading.default\">\n\t\t\t\t<div class=\"elementor-widget-container\">\n\t\t\t\t\t<h2 class=\"elementor-heading-title elementor-size-default\">Se llev\u00f3 a cabo la presentaci\u00f3n oficial de la <b>Revista Kantuta<\/b> 2025, un espacio que re\u00fane el trabajo literario, art\u00edstico y creativo de nuestros estudiantes del Colegio San Agust\u00edn.<\/h2>\t\t\t\t<\/div>\n\t\t\t\t<\/div>\n\t\t\t\t<div class=\"elementor-element elementor-element-d4200f1 elementor-widget elementor-widget-text-editor\" data-id=\"d4200f1\" data-element_type=\"widget\" data-e-type=\"widget\" data-widget_type=\"text-editor.default\">\n\t\t\t\t<div class=\"elementor-widget-container\">\n\t\t\t\t\t\t\t\t\t<div class=\"x14z9mp xat24cr x1lziwak x1vvkbs xtlvy1s x126k92a\"><div dir=\"auto\">La elaboraci\u00f3n de esta edici\u00f3n estuvo guiada por la profesora Vanessa Rico, quien acompa\u00f1\u00f3 el proceso de creaci\u00f3n y fortaleci\u00f3 el trabajo del \u00e1rea de Literatura, impulsando el talento de los estudiantes y su inter\u00e9s por la escritura y el arte.<\/div><\/div><div class=\"x14z9mp xat24cr x1lziwak x1vvkbs xtlvy1s x126k92a\"><div dir=\"auto\">Durante el evento se reconoci\u00f3 al comit\u00e9 responsable de la edici\u00f3n 2025, integrado por estudiantes de redacci\u00f3n, edici\u00f3n, ilustraci\u00f3n, fotograf\u00eda y c\u00f3mic acad\u00e9mico.<\/div><\/div><div class=\"x14z9mp xat24cr x1lziwak x1vvkbs xtlvy1s x126k92a\"><div dir=\"auto\">El acto cont\u00f3 con la presencia de miembros del Directorio de FESA, quienes resaltaron la importancia de promover iniciativas que fortalezcan la expresi\u00f3n, la investigaci\u00f3n y la formaci\u00f3n integral de nuestra comunidad estudiantil.<\/div><\/div><div class=\"x14z9mp xat24cr x1lziwak x1vvkbs xtlvy1s x126k92a\"><div dir=\"auto\">Las revistas podr\u00e1n adquirirse tambi\u00e9n en Secretar\u00eda del Colegio a un costo de 40 Bs.<\/div><\/div><div class=\"x14z9mp xat24cr x1lziwak x1vvkbs xtlvy1s x126k92a\"><div dir=\"auto\">Agradecemos a todos quienes hicieron posible esta nueva edici\u00f3n. <span class=\"html-span xexx8yu xyri2b x18d9i69 x1c1uobl x1hl2dhg x16tdsg8 x1vvkbs x3nfvp2 x1j61x8r x1fcty0u xdj266r xat24cr xm2jcoa x1mpyi22 xxymvpz xlup9mm x1kky2od\"><img decoding=\"async\" class=\"xz74otr x15mokao x1ga7v0g x16uus16 xbiv7yw\" src=\"https:\/\/static.xx.fbcdn.net\/images\/emoji.php\/v9\/tf4\/1\/16\/2728.png\" alt=\"\u2728\" width=\"16\" height=\"16\" \/><\/span><span class=\"html-span xexx8yu xyri2b x18d9i69 x1c1uobl x1hl2dhg x16tdsg8 x1vvkbs x3nfvp2 x1j61x8r x1fcty0u xdj266r xat24cr xm2jcoa x1mpyi22 xxymvpz xlup9mm x1kky2od\"><img decoding=\"async\" class=\"xz74otr x15mokao x1ga7v0g x16uus16 xbiv7yw\" src=\"https:\/\/static.xx.fbcdn.net\/images\/emoji.php\/v9\/ta0\/1\/16\/1f4d8.png\" alt=\"\ud83d\udcd8\" width=\"16\" height=\"16\" \/><\/span><\/div><\/div>\t\t\t\t\t\t\t\t<\/div>\n\t\t\t\t<\/div>\n\t\t\t\t<div class=\"elementor-element elementor-element-0a0b5f0 elementor-widget elementor-widget-button\" data-id=\"0a0b5f0\" data-element_type=\"widget\" data-e-type=\"widget\" data-widget_type=\"button.default\">\n\t\t\t\t<div class=\"elementor-widget-container\">\n\t\t\t\t\t\t\t\t\t<div class=\"elementor-button-wrapper\">\n\t\t\t\t\t<a class=\"elementor-button elementor-button-link elementor-size-sm\" href=\"https:\/\/sanagustin.edu.bo\/lee\/libros_digitales\/REVISTA%20KANTUTA%202025.pdf\" target=\"_blank\" rel=\"noopener\">\n\t\t\t\t\t\t<span class=\"elementor-button-content-wrapper\">\n\t\t\t\t\t\t\t\t\t<span class=\"elementor-button-text\">Click para ver reviSTA KANTUTA 2025<\/span>\n\t\t\t\t\t<\/span>\n\t\t\t\t\t<\/a>\n\t\t\t\t<\/div>\n\t\t\t\t\t\t\t\t<\/div>\n\t\t\t\t<\/div>\n\t\t\t\t\t<\/div>\n\t\t<\/div>\n\t\t\t\t<div class=\"elementor-column elementor-col-33 elementor-top-column elementor-element elementor-element-632c149\" data-id=\"632c149\" data-element_type=\"column\" data-e-type=\"column\">\n\t\t\t<div class=\"elementor-widget-wrap elementor-element-populated\">\n\t\t\t\t\t\t<div class=\"elementor-element elementor-element-9da919b elementor-widget elementor-widget-image\" data-id=\"9da919b\" data-element_type=\"widget\" data-e-type=\"widget\" data-widget_type=\"image.default\">\n\t\t\t\t<div class=\"elementor-widget-container\">\n\t\t\t\t\t\t\t\t\t\t\t\t\t\t\t\t<a href=\"https:\/\/fesa.edu.bo\/wp-content\/uploads\/2025\/11\/revista-2.jpg\" data-elementor-open-lightbox=\"yes\" data-elementor-lightbox-title=\"revista 2\" data-e-action-hash=\"#elementor-action%3Aaction%3Dlightbox%26settings%3DeyJpZCI6NTQ0MCwidXJsIjoiaHR0cHM6XC9cL2Zlc2EuZWR1LmJvXC93cC1jb250ZW50XC91cGxvYWRzXC8yMDI1XC8xMVwvcmV2aXN0YS0yLmpwZyJ9\">\n\t\t\t\t\t\t\t<img decoding=\"async\" src=\"https:\/\/fesa.edu.bo\/wp-content\/uploads\/elementor\/thumbs\/revista-2-rfc9b2dfw8erxcm724zpbfyky5u5j03l1zlvidkiwo.jpg\" title=\"revista 2\" alt=\"revista 2\" loading=\"lazy\" \/>\t\t\t\t\t\t\t\t<\/a>\n\t\t\t\t\t\t\t\t\t\t\t\t\t\t\t<\/div>\n\t\t\t\t<\/div>\n\t\t\t\t<div class=\"elementor-element elementor-element-b4f8bb1 elementor-widget elementor-widget-image\" data-id=\"b4f8bb1\" data-element_type=\"widget\" data-e-type=\"widget\" data-widget_type=\"image.default\">\n\t\t\t\t<div class=\"elementor-widget-container\">\n\t\t\t\t\t\t\t\t\t\t\t\t\t\t\t\t<a href=\"https:\/\/fesa.edu.bo\/wp-content\/uploads\/2025\/11\/revista-4.jpg\" data-elementor-open-lightbox=\"yes\" data-elementor-lightbox-title=\"revista 4\" data-e-action-hash=\"#elementor-action%3Aaction%3Dlightbox%26settings%3DeyJpZCI6NTQ0MiwidXJsIjoiaHR0cHM6XC9cL2Zlc2EuZWR1LmJvXC93cC1jb250ZW50XC91cGxvYWRzXC8yMDI1XC8xMVwvcmV2aXN0YS00LmpwZyJ9\">\n\t\t\t\t\t\t\t<img decoding=\"async\" src=\"https:\/\/fesa.edu.bo\/wp-content\/uploads\/elementor\/thumbs\/revista-4-rfc9cpl9usnu8s86gcl76j0mdfq9zxmoa4pgqt4q0o.jpg\" title=\"revista 4\" alt=\"revista 4\" loading=\"lazy\" \/>\t\t\t\t\t\t\t\t<\/a>\n\t\t\t\t\t\t\t\t\t\t\t\t\t\t\t<\/div>\n\t\t\t\t<\/div>\n\t\t\t\t<div class=\"elementor-element elementor-element-98c7ab0 elementor-widget elementor-widget-image\" data-id=\"98c7ab0\" data-element_type=\"widget\" data-e-type=\"widget\" data-widget_type=\"image.default\">\n\t\t\t\t<div class=\"elementor-widget-container\">\n\t\t\t\t\t\t\t\t\t\t\t\t\t\t\t\t<a href=\"https:\/\/fesa.edu.bo\/wp-content\/uploads\/2025\/11\/revista-6.jpg\" data-elementor-open-lightbox=\"yes\" data-elementor-lightbox-title=\"revista 6\" data-e-action-hash=\"#elementor-action%3Aaction%3Dlightbox%26settings%3DeyJpZCI6NTQ0NCwidXJsIjoiaHR0cHM6XC9cL2Zlc2EuZWR1LmJvXC93cC1jb250ZW50XC91cGxvYWRzXC8yMDI1XC8xMVwvcmV2aXN0YS02LmpwZyJ9\">\n\t\t\t\t\t\t\t<img decoding=\"async\" src=\"https:\/\/fesa.edu.bo\/wp-content\/uploads\/elementor\/thumbs\/revista-6-rfc9e91r20rr9rzmgik6rn0tf64xm2qu5r7424uhtk.jpg\" title=\"revista 6\" alt=\"revista 6\" loading=\"lazy\" \/>\t\t\t\t\t\t\t\t<\/a>\n\t\t\t\t\t\t\t\t\t\t\t\t\t\t\t<\/div>\n\t\t\t\t<\/div>\n\t\t\t\t\t<\/div>\n\t\t<\/div>\n\t\t\t\t<div class=\"elementor-column elementor-col-33 elementor-top-column elementor-element elementor-element-15f25a4\" data-id=\"15f25a4\" data-element_type=\"column\" data-e-type=\"column\">\n\t\t\t<div class=\"elementor-widget-wrap elementor-element-populated\">\n\t\t\t\t\t\t<div class=\"elementor-element elementor-element-ee11b6d elementor-widget elementor-widget-image\" data-id=\"ee11b6d\" data-element_type=\"widget\" data-e-type=\"widget\" data-widget_type=\"image.default\">\n\t\t\t\t<div class=\"elementor-widget-container\">\n\t\t\t\t\t\t\t\t\t\t\t\t\t\t\t\t<a href=\"https:\/\/fesa.edu.bo\/wp-content\/uploads\/2025\/11\/revista-3.jpg\" data-elementor-open-lightbox=\"yes\" data-elementor-lightbox-title=\"revista 3\" data-e-action-hash=\"#elementor-action%3Aaction%3Dlightbox%26settings%3DeyJpZCI6NTQ0MSwidXJsIjoiaHR0cHM6XC9cL2Zlc2EuZWR1LmJvXC93cC1jb250ZW50XC91cGxvYWRzXC8yMDI1XC8xMVwvcmV2aXN0YS0zLmpwZyJ9\">\n\t\t\t\t\t\t\t<img decoding=\"async\" src=\"https:\/\/fesa.edu.bo\/wp-content\/uploads\/elementor\/thumbs\/revista-3-rfc9c23b5ox3tseova49w5gty56ecjad6tymb8996g.jpg\" title=\"revista 3\" alt=\"revista 3\" loading=\"lazy\" \/>\t\t\t\t\t\t\t\t<\/a>\n\t\t\t\t\t\t\t\t\t\t\t\t\t\t\t<\/div>\n\t\t\t\t<\/div>\n\t\t\t\t<div class=\"elementor-element elementor-element-77803ae elementor-widget elementor-widget-image\" data-id=\"77803ae\" data-element_type=\"widget\" data-e-type=\"widget\" data-widget_type=\"image.default\">\n\t\t\t\t<div class=\"elementor-widget-container\">\n\t\t\t\t\t\t\t\t\t\t\t\t\t\t\t\t<a href=\"https:\/\/fesa.edu.bo\/wp-content\/uploads\/2025\/11\/revista-5.jpg\" data-elementor-open-lightbox=\"yes\" data-elementor-lightbox-title=\"revista 5\" data-e-action-hash=\"#elementor-action%3Aaction%3Dlightbox%26settings%3DeyJpZCI6NTQ0MywidXJsIjoiaHR0cHM6XC9cL2Zlc2EuZWR1LmJvXC93cC1jb250ZW50XC91cGxvYWRzXC8yMDI1XC8xMVwvcmV2aXN0YS01LmpwZyJ9\">\n\t\t\t\t\t\t\t<img decoding=\"async\" src=\"https:\/\/fesa.edu.bo\/wp-content\/uploads\/elementor\/thumbs\/revista-5-rfc9diq9sex5vya8bwvdrs6n7pyybl3c22ht6q37i0.jpg\" title=\"revista 5\" alt=\"revista 5\" loading=\"lazy\" \/>\t\t\t\t\t\t\t\t<\/a>\n\t\t\t\t\t\t\t\t\t\t\t\t\t\t\t<\/div>\n\t\t\t\t<\/div>\n\t\t\t\t<div class=\"elementor-element elementor-element-81636a4 elementor-widget elementor-widget-image\" data-id=\"81636a4\" data-element_type=\"widget\" data-e-type=\"widget\" data-widget_type=\"image.default\">\n\t\t\t\t<div class=\"elementor-widget-container\">\n\t\t\t\t\t\t\t\t\t\t\t\t\t\t\t\t<a href=\"https:\/\/fesa.edu.bo\/wp-content\/uploads\/2025\/11\/revista-9.jpg\" data-elementor-open-lightbox=\"yes\" data-elementor-lightbox-title=\"revista 9\" data-e-action-hash=\"#elementor-action%3Aaction%3Dlightbox%26settings%3DeyJpZCI6NTQ0NSwidXJsIjoiaHR0cHM6XC9cL2Zlc2EuZWR1LmJvXC93cC1jb250ZW50XC91cGxvYWRzXC8yMDI1XC8xMVwvcmV2aXN0YS05LmpwZyJ9\">\n\t\t\t\t\t\t\t<img decoding=\"async\" src=\"https:\/\/fesa.edu.bo\/wp-content\/uploads\/elementor\/thumbs\/revista-9-rfc9evlvnss2nob8ehzzdfum3ra1fuhdksf2542qig.jpg\" title=\"revista 9\" alt=\"revista 9\" loading=\"lazy\" \/>\t\t\t\t\t\t\t\t<\/a>\n\t\t\t\t\t\t\t\t\t\t\t\t\t\t\t<\/div>\n\t\t\t\t<\/div>\n\t\t\t\t\t<\/div>\n\t\t<\/div>\n\t\t\t\t\t<\/div>\n\t\t<\/section>\n\t\t\t\t<\/div>\n\t\t","protected":false},"excerpt":{"rendered":"<p>\ud835\udde3\ud835\uddff\ud835\uddf2\ud835\ude00\ud835\uddf2\ud835\uddfb\ud835\ude01\ud835\uddee\ud835\uddfa\ud835\uddfc\ud835\ude00 \ud835\uddf9\ud835\uddee \ud835\udde5\ud835\uddf2\ud835\ude03\ud835\uddf6\ud835\ude00\ud835\ude01\ud835\uddee \ud835\uddde\ud835\uddee\ud835\uddfb\ud835\ude01\ud835\ude02\ud835\ude01\ud835\uddee \ud835\udfee\ud835\udfec\ud835\udfee\ud835\udff1 Se llev\u00f3 a cabo la presentaci\u00f3n oficial de la Revista Kantuta 2025, un espacio que re\u00fane el trabajo literario, art\u00edstico y creativo de nuestros estudiantes del Colegio San Agust\u00edn. La elaboraci\u00f3n de esta edici\u00f3n estuvo &hellip;<\/p>\n<p class=\"read-more\"> <a class=\"more-link\" href=\"https:\/\/fesa.edu.bo\/index.php\/revista-kantuta-2025\/\"> <span class=\"screen-reader-text\">Revista Kantuta 2025<\/span> Read More &raquo;<\/a><\/p>\n","protected":false},"author":1,"featured_media":0,"parent":0,"menu_order":0,"comment_status":"closed","ping_status":"closed","template":"elementor_header_footer","meta":{"pmpro_default_level":"","footnotes":""},"class_list":["post-5438","page","type-page","status-publish","hentry","pmpro-has-access"],"featured_image_src":"","featured_image_src_square":false,"rbea_author_info":{"display_name":"juan.choque","author_link":"https:\/\/fesa.edu.bo\/author\/juan-choque\/"},"rbea_excerpt_info":"\ud835\udde3\ud835\uddff\ud835\uddf2\ud835\ude00\ud835\uddf2\ud835\uddfb\ud835\ude01\ud835\uddee\ud835\uddfa\ud835\uddfc\ud835\ude00 \ud835\uddf9\ud835\uddee \ud835\udde5\ud835\uddf2\ud835\ude03\ud835\uddf6\ud835\ude00\ud835\ude01\ud835\uddee \ud835\uddde\ud835\uddee\ud835\uddfb\ud835\ude01\ud835\ude02\ud835\ude01\ud835\uddee \ud835\udfee\ud835\udfec\ud835\udfee\ud835\udff1 Se llev\u00f3 a cabo la presentaci\u00f3n oficial de la Revista Kantuta 2025, un espacio que re\u00fane el trabajo literario, art\u00edstico y creativo de nuestros estudiantes del Colegio San Agust\u00edn. La elaboraci\u00f3n de esta edici\u00f3n estuvo &hellip;<p class=\"read-more\"> <a class=\"more-link\" href=\"https:\/\/fesa.edu.bo\/index.php\/revista-kantuta-2025\/\"> <span class=\"screen-reader-text\">Revista Kantuta 2025<\/span> Read More &raquo;<\/a><\/p>","_links":{"self":[{"href":"https:\/\/fesa.edu.bo\/index.php\/wp-json\/wp\/v2\/pages\/5438","targetHints":{"allow":["GET"]}}],"collection":[{"href":"https:\/\/fesa.edu.bo\/index.php\/wp-json\/wp\/v2\/pages"}],"about":[{"href":"https:\/\/fesa.edu.bo\/index.php\/wp-json\/wp\/v2\/types\/page"}],"author":[{"embeddable":true,"href":"https:\/\/fesa.edu.bo\/index.php\/wp-json\/wp\/v2\/users\/1"}],"replies":[{"embeddable":true,"href":"https:\/\/fesa.edu.bo\/index.php\/wp-json\/wp\/v2\/comments?post=5438"}],"version-history":[{"count":7,"href":"https:\/\/fesa.edu.bo\/index.php\/wp-json\/wp\/v2\/pages\/5438\/revisions"}],"predecessor-version":[{"id":5452,"href":"https:\/\/fesa.edu.bo\/index.php\/wp-json\/wp\/v2\/pages\/5438\/revisions\/5452"}],"wp:attachment":[{"href":"https:\/\/fesa.edu.bo\/index.php\/wp-json\/wp\/v2\/media?parent=5438"}],"curies":[{"name":"wp","href":"https:\/\/api.w.org\/{rel}","templated":true}]}}