{"id":5321,"date":"2025-09-25T21:15:57","date_gmt":"2025-09-25T19:15:57","guid":{"rendered":"https:\/\/fesa.edu.bo\/?page_id=5321"},"modified":"2025-09-25T21:42:35","modified_gmt":"2025-09-25T19:42:35","slug":"firma-convenio-aiquile-2025","status":"publish","type":"page","link":"https:\/\/fesa.edu.bo\/index.php\/firma-convenio-aiquile-2025\/","title":{"rendered":"Firma Convenio Aiquile 2025"},"content":{"rendered":"\t\t<div data-elementor-type=\"wp-page\" data-elementor-id=\"5321\" class=\"elementor elementor-5321\">\n\t\t\t\t\t\t<section class=\"elementor-section elementor-top-section elementor-element elementor-element-0717e84 elementor-section-boxed elementor-section-height-default elementor-section-height-default\" data-id=\"0717e84\" data-element_type=\"section\" data-e-type=\"section\" data-settings=\"{&quot;background_background&quot;:&quot;classic&quot;}\">\n\t\t\t\t\t\t\t<div class=\"elementor-background-overlay\"><\/div>\n\t\t\t\t\t\t\t<div class=\"elementor-container elementor-column-gap-default\">\n\t\t\t\t\t<div class=\"elementor-column elementor-col-100 elementor-top-column elementor-element elementor-element-3c87f18\" data-id=\"3c87f18\" data-element_type=\"column\" data-e-type=\"column\">\n\t\t\t<div class=\"elementor-widget-wrap elementor-element-populated\">\n\t\t\t\t\t\t<div class=\"elementor-element elementor-element-3dd58c0 elementor-widget elementor-widget-heading\" data-id=\"3dd58c0\" data-element_type=\"widget\" data-e-type=\"widget\" data-widget_type=\"heading.default\">\n\t\t\t\t<div class=\"elementor-widget-container\">\n\t\t\t\t\t<h1 class=\"elementor-heading-title elementor-size-default\">Firma de convenio en Aiquile<\/h1>\t\t\t\t<\/div>\n\t\t\t\t<\/div>\n\t\t\t\t\t<\/div>\n\t\t<\/div>\n\t\t\t\t\t<\/div>\n\t\t<\/section>\n\t\t\t\t<section class=\"elementor-section elementor-top-section elementor-element elementor-element-69825a2 elementor-section-boxed elementor-section-height-default elementor-section-height-default\" data-id=\"69825a2\" data-element_type=\"section\" data-e-type=\"section\">\n\t\t\t\t\t\t<div class=\"elementor-container elementor-column-gap-default\">\n\t\t\t\t\t<div class=\"elementor-column elementor-col-33 elementor-top-column elementor-element elementor-element-f053930\" data-id=\"f053930\" data-element_type=\"column\" data-e-type=\"column\">\n\t\t\t<div class=\"elementor-widget-wrap elementor-element-populated\">\n\t\t\t\t\t\t<div class=\"elementor-element elementor-element-2e1dfba elementor-widget elementor-widget-heading\" data-id=\"2e1dfba\" data-element_type=\"widget\" data-e-type=\"widget\" data-widget_type=\"heading.default\">\n\t\t\t\t<div class=\"elementor-widget-container\">\n\t\t\t\t\t<h2 class=\"elementor-heading-title elementor-size-default\">Firma de convenio en Aiquile impulsa la innovaci\u00f3n educativa con el Modelo San Agust\u00edn<\/h2>\t\t\t\t<\/div>\n\t\t\t\t<\/div>\n\t\t\t\t<div class=\"elementor-element elementor-element-d4200f1 elementor-widget elementor-widget-text-editor\" data-id=\"d4200f1\" data-element_type=\"widget\" data-e-type=\"widget\" data-widget_type=\"text-editor.default\">\n\t\t\t\t<div class=\"elementor-widget-container\">\n\t\t\t\t\t\t\t\t\t<p>En la ciudad de Aiquile se llev\u00f3 a cabo la firma de un<strong> Convenio Interinstitucional<\/strong> entre la <strong>Direcci\u00f3n Distrital de Educaci\u00f3n<\/strong>, la <strong>Alcald\u00eda de Aiquile<\/strong>, la <strong>Federaci\u00f3n de Maestros Urbanos<\/strong> y la <strong>Fundaci\u00f3n Educacional San Agust\u00edn (FESA)<\/strong>, con la presencia del <strong>Director Departamental de Educaci\u00f3n de Cochabamba<\/strong> y el <strong>Presidente del Concejo Municipal<\/strong>.<br \/>El acuerdo establece la implementaci\u00f3n del <strong>Modelo Educativo San Agust\u00edn<\/strong> en la <strong>Unidad Educativa \u201cJos\u00e9 Nabor Quintana Navia\u201d<\/strong>, bajo un esquema de cooperaci\u00f3n que compromete al Gobierno Aut\u00f3nomo Municipal de Aiquile a brindar infraestructura, equipamiento tecnol\u00f3gico y recursos econ\u00f3micos; a la Direcci\u00f3n Distrital de Educaci\u00f3n a garantizar la supervisi\u00f3n y articulaci\u00f3n pedag\u00f3gica; y a FESA a aportar su experiencia y acompa\u00f1amiento en la aplicaci\u00f3n del modelo.<br \/>Este convenio, con vigencia en las gestiones 2025 y 2026, permitir\u00e1 replicar en Aiquile un modelo educativo reconocido a nivel nacional por su enfoque <strong>cient\u00edfico, tecnol\u00f3gico, pedag\u00f3gico y en valores<\/strong>, aplicado desde hace m\u00e1s de 30 a\u00f1os en el Colegio San Agust\u00edn de Cochabamba y en diversas unidades educativas de convenio.<br \/>Durante el acto, el director distrital de educaci\u00f3n de Aiquile, <strong>Dixon Molina \u00c1ngulo<\/strong>, destac\u00f3:<br \/><em>\u201cAiquile no puede estar al margen del adelanto cient\u00edfico y tecnol\u00f3gico<\/em>\u201d.<br \/>A su vez, el director ejecutivo de FESA, <strong>Roberto Figueroa Aran\u00edbar<\/strong>, se\u00f1al\u00f3:<br \/><em>\u201cEstamos ac\u00e1 porque hemos visto que en Aiquile existe la capacidad, la gente, ni\u00f1os y j\u00f3venes que son capaces de llegar hasta donde ellos se propongan<\/em>\u201d.<br \/>La <strong>Federaci\u00f3n de Maestros Urbanos de Aiquile<\/strong> expres\u00f3 su satisfacci\u00f3n por la aplicaci\u00f3n del modelo, resaltando que beneficiar\u00e1 directamente a los estudiantes y contribuir\u00e1 al desarrollo del municipio.<br \/>Con este convenio, Aiquile se suma al desaf\u00edo de proyectar a sus estudiantes hacia una <strong>educaci\u00f3n de excelencia con innovaci\u00f3n y visi\u00f3n de futuro<\/strong>.<\/p>\t\t\t\t\t\t\t\t<\/div>\n\t\t\t\t<\/div>\n\t\t\t\t\t<\/div>\n\t\t<\/div>\n\t\t\t\t<div class=\"elementor-column elementor-col-33 elementor-top-column elementor-element elementor-element-632c149\" data-id=\"632c149\" data-element_type=\"column\" data-e-type=\"column\">\n\t\t\t<div class=\"elementor-widget-wrap elementor-element-populated\">\n\t\t\t\t\t\t<div class=\"elementor-element elementor-element-9da919b elementor-widget elementor-widget-image\" data-id=\"9da919b\" data-element_type=\"widget\" data-e-type=\"widget\" data-widget_type=\"image.default\">\n\t\t\t\t<div class=\"elementor-widget-container\">\n\t\t\t\t\t\t\t\t\t\t\t\t\t\t\t\t<a href=\"https:\/\/fesa.edu.bo\/wp-content\/uploads\/2025\/09\/IMG_3440-1-scaled.jpg\" data-elementor-open-lightbox=\"yes\" data-elementor-lightbox-title=\"IMG_3440 (1)\" data-e-action-hash=\"#elementor-action%3Aaction%3Dlightbox%26settings%3DeyJpZCI6NTMyMywidXJsIjoiaHR0cHM6XC9cL2Zlc2EuZWR1LmJvXC93cC1jb250ZW50XC91cGxvYWRzXC8yMDI1XC8wOVwvSU1HXzM0NDAtMS1zY2FsZWQuanBnIn0%3D\">\n\t\t\t\t\t\t\t<img decoding=\"async\" src=\"https:\/\/fesa.edu.bo\/wp-content\/uploads\/elementor\/thumbs\/IMG_3440-1-scaled-rcag550pdtdgfxj9fnsmbd7m9f2epiocdgac6huiew.jpg\" title=\"IMG_3440 (1)\" alt=\"IMG_3440 (1)\" loading=\"lazy\" \/>\t\t\t\t\t\t\t\t<\/a>\n\t\t\t\t\t\t\t\t\t\t\t\t\t\t\t<\/div>\n\t\t\t\t<\/div>\n\t\t\t\t<div class=\"elementor-element elementor-element-b4f8bb1 elementor-widget elementor-widget-image\" data-id=\"b4f8bb1\" data-element_type=\"widget\" data-e-type=\"widget\" data-widget_type=\"image.default\">\n\t\t\t\t<div class=\"elementor-widget-container\">\n\t\t\t\t\t\t\t\t\t\t\t\t\t\t\t\t<a href=\"https:\/\/fesa.edu.bo\/wp-content\/uploads\/2025\/09\/IMG_3446-scaled.jpg\" data-elementor-open-lightbox=\"yes\" data-elementor-lightbox-title=\"IMG_3446\" data-e-action-hash=\"#elementor-action%3Aaction%3Dlightbox%26settings%3DeyJpZCI6NTMyNSwidXJsIjoiaHR0cHM6XC9cL2Zlc2EuZWR1LmJvXC93cC1jb250ZW50XC91cGxvYWRzXC8yMDI1XC8wOVwvSU1HXzM0NDYtc2NhbGVkLmpwZyJ9\">\n\t\t\t\t\t\t\t<img decoding=\"async\" src=\"https:\/\/fesa.edu.bo\/wp-content\/uploads\/elementor\/thumbs\/IMG_3446-scaled-rcag795mre9okcgo32pefbzydmn5102lnx4o1wpmew.jpg\" title=\"IMG_3446\" alt=\"IMG_3446\" loading=\"lazy\" \/>\t\t\t\t\t\t\t\t<\/a>\n\t\t\t\t\t\t\t\t\t\t\t\t\t\t\t<\/div>\n\t\t\t\t<\/div>\n\t\t\t\t<div class=\"elementor-element elementor-element-26f9808 elementor-position-top elementor-widget elementor-widget-image-box\" data-id=\"26f9808\" data-element_type=\"widget\" data-e-type=\"widget\" data-widget_type=\"image-box.default\">\n\t\t\t\t<div class=\"elementor-widget-container\">\n\t\t\t\t\t<div class=\"elementor-image-box-wrapper\"><figure class=\"elementor-image-box-img\"><img fetchpriority=\"high\" decoding=\"async\" width=\"971\" height=\"953\" src=\"https:\/\/fesa.edu.bo\/wp-content\/uploads\/2024\/02\/cropped-Copia-de-FESA_transparente.png\" class=\"attachment-full size-full wp-image-2104\" alt=\"\" srcset=\"https:\/\/fesa.edu.bo\/wp-content\/uploads\/2024\/02\/cropped-Copia-de-FESA_transparente.png 971w, https:\/\/fesa.edu.bo\/wp-content\/uploads\/2024\/02\/cropped-Copia-de-FESA_transparente-300x294.png 300w, https:\/\/fesa.edu.bo\/wp-content\/uploads\/2024\/02\/cropped-Copia-de-FESA_transparente-768x754.png 768w, https:\/\/fesa.edu.bo\/wp-content\/uploads\/2024\/02\/cropped-Copia-de-FESA_transparente-100x98.png 100w, https:\/\/fesa.edu.bo\/wp-content\/uploads\/2024\/02\/cropped-Copia-de-FESA_transparente-150x147.png 150w, https:\/\/fesa.edu.bo\/wp-content\/uploads\/2024\/02\/cropped-Copia-de-FESA_transparente-200x196.png 200w, https:\/\/fesa.edu.bo\/wp-content\/uploads\/2024\/02\/cropped-Copia-de-FESA_transparente-450x442.png 450w, https:\/\/fesa.edu.bo\/wp-content\/uploads\/2024\/02\/cropped-Copia-de-FESA_transparente-600x589.png 600w, https:\/\/fesa.edu.bo\/wp-content\/uploads\/2024\/02\/cropped-Copia-de-FESA_transparente-900x883.png 900w\" sizes=\"(max-width: 971px) 100vw, 971px\" \/><\/figure><\/div>\t\t\t\t<\/div>\n\t\t\t\t<\/div>\n\t\t\t\t\t<\/div>\n\t\t<\/div>\n\t\t\t\t<div class=\"elementor-column elementor-col-33 elementor-top-column elementor-element elementor-element-15f25a4\" data-id=\"15f25a4\" data-element_type=\"column\" data-e-type=\"column\">\n\t\t\t<div class=\"elementor-widget-wrap elementor-element-populated\">\n\t\t\t\t\t\t<div class=\"elementor-element elementor-element-ee11b6d elementor-widget elementor-widget-image\" data-id=\"ee11b6d\" data-element_type=\"widget\" data-e-type=\"widget\" data-widget_type=\"image.default\">\n\t\t\t\t<div class=\"elementor-widget-container\">\n\t\t\t\t\t\t\t\t\t\t\t\t\t\t\t\t<a href=\"https:\/\/fesa.edu.bo\/wp-content\/uploads\/2025\/09\/IMG_3442-scaled.jpg\" data-elementor-open-lightbox=\"yes\" data-elementor-lightbox-title=\"IMG_3442\" data-e-action-hash=\"#elementor-action%3Aaction%3Dlightbox%26settings%3DeyJpZCI6NTMyNCwidXJsIjoiaHR0cHM6XC9cL2Zlc2EuZWR1LmJvXC93cC1jb250ZW50XC91cGxvYWRzXC8yMDI1XC8wOVwvSU1HXzM0NDItc2NhbGVkLmpwZyJ9\">\n\t\t\t\t\t\t\t<img decoding=\"async\" src=\"https:\/\/fesa.edu.bo\/wp-content\/uploads\/elementor\/thumbs\/IMG_3442-scaled-rcag6c9a5y62x90u0w67g0tk0hdl8moz7buytk83aw.jpg\" title=\"IMG_3442\" alt=\"IMG_3442\" loading=\"lazy\" \/>\t\t\t\t\t\t\t\t<\/a>\n\t\t\t\t\t\t\t\t\t\t\t\t\t\t\t<\/div>\n\t\t\t\t<\/div>\n\t\t\t\t<div class=\"elementor-element elementor-element-77803ae elementor-widget elementor-widget-image\" data-id=\"77803ae\" data-element_type=\"widget\" data-e-type=\"widget\" data-widget_type=\"image.default\">\n\t\t\t\t<div class=\"elementor-widget-container\">\n\t\t\t\t\t\t\t\t\t\t\t\t\t\t\t\t<a href=\"https:\/\/fesa.edu.bo\/wp-content\/uploads\/2025\/09\/IMG_3449-scaled.jpg\" data-elementor-open-lightbox=\"yes\" data-elementor-lightbox-title=\"IMG_3449\" data-e-action-hash=\"#elementor-action%3Aaction%3Dlightbox%26settings%3DeyJpZCI6NTMyNiwidXJsIjoiaHR0cHM6XC9cL2Zlc2EuZWR1LmJvXC93cC1jb250ZW50XC91cGxvYWRzXC8yMDI1XC8wOVwvSU1HXzM0NDktc2NhbGVkLmpwZyJ9\">\n\t\t\t\t\t\t\t<img decoding=\"async\" src=\"https:\/\/fesa.edu.bo\/wp-content\/uploads\/elementor\/thumbs\/IMG_3449-scaled-rcag87xnu0qq56aj1pfcfjqqs840mu5ngmtxdhfquw.jpg\" title=\"IMG_3449\" alt=\"IMG_3449\" loading=\"lazy\" \/>\t\t\t\t\t\t\t\t<\/a>\n\t\t\t\t\t\t\t\t\t\t\t\t\t\t\t<\/div>\n\t\t\t\t<\/div>\n\t\t\t\t<div class=\"elementor-element elementor-element-01e055c elementor-position-top elementor-widget elementor-widget-image-box\" data-id=\"01e055c\" data-element_type=\"widget\" data-e-type=\"widget\" data-widget_type=\"image-box.default\">\n\t\t\t\t<div class=\"elementor-widget-container\">\n\t\t\t\t\t<div class=\"elementor-image-box-wrapper\"><figure class=\"elementor-image-box-img\"><img decoding=\"async\" width=\"960\" height=\"960\" src=\"https:\/\/fesa.edu.bo\/wp-content\/uploads\/2025\/09\/escudo-aiquile.png\" class=\"attachment-full size-full wp-image-5328\" alt=\"\" srcset=\"https:\/\/fesa.edu.bo\/wp-content\/uploads\/2025\/09\/escudo-aiquile.png 960w, https:\/\/fesa.edu.bo\/wp-content\/uploads\/2025\/09\/escudo-aiquile-300x300.png 300w, https:\/\/fesa.edu.bo\/wp-content\/uploads\/2025\/09\/escudo-aiquile-150x150.png 150w, https:\/\/fesa.edu.bo\/wp-content\/uploads\/2025\/09\/escudo-aiquile-768x768.png 768w, https:\/\/fesa.edu.bo\/wp-content\/uploads\/2025\/09\/escudo-aiquile-100x100.png 100w, https:\/\/fesa.edu.bo\/wp-content\/uploads\/2025\/09\/escudo-aiquile-200x200.png 200w, https:\/\/fesa.edu.bo\/wp-content\/uploads\/2025\/09\/escudo-aiquile-450x450.png 450w, https:\/\/fesa.edu.bo\/wp-content\/uploads\/2025\/09\/escudo-aiquile-600x600.png 600w, https:\/\/fesa.edu.bo\/wp-content\/uploads\/2025\/09\/escudo-aiquile-900x900.png 900w\" sizes=\"(max-width: 960px) 100vw, 960px\" \/><\/figure><\/div>\t\t\t\t<\/div>\n\t\t\t\t<\/div>\n\t\t\t\t\t<\/div>\n\t\t<\/div>\n\t\t\t\t\t<\/div>\n\t\t<\/section>\n\t\t\t\t<\/div>\n\t\t","protected":false},"excerpt":{"rendered":"<p>Firma de convenio en Aiquile Firma de convenio en Aiquile impulsa la innovaci\u00f3n educativa con el Modelo San Agust\u00edn En la ciudad de Aiquile se llev\u00f3 a cabo la firma de un Convenio Interinstitucional entre la Direcci\u00f3n Distrital de Educaci\u00f3n, &hellip;<\/p>\n<p class=\"read-more\"> <a class=\"more-link\" href=\"https:\/\/fesa.edu.bo\/index.php\/firma-convenio-aiquile-2025\/\"> <span class=\"screen-reader-text\">Firma Convenio Aiquile 2025<\/span> Read More &raquo;<\/a><\/p>\n","protected":false},"author":1,"featured_media":0,"parent":0,"menu_order":0,"comment_status":"closed","ping_status":"closed","template":"elementor_header_footer","meta":{"pmpro_default_level":"","footnotes":""},"class_list":["post-5321","page","type-page","status-publish","hentry","pmpro-has-access"],"featured_image_src":"","featured_image_src_square":false,"rbea_author_info":{"display_name":"juan.choque","author_link":"https:\/\/fesa.edu.bo\/author\/juan-choque\/"},"rbea_excerpt_info":"Firma de convenio en Aiquile Firma de convenio en Aiquile impulsa la innovaci\u00f3n educativa con el Modelo San Agust\u00edn En la ciudad de Aiquile se llev\u00f3 a cabo la firma de un Convenio Interinstitucional entre la Direcci\u00f3n Distrital de Educaci\u00f3n, &hellip;<p class=\"read-more\"> <a class=\"more-link\" href=\"https:\/\/fesa.edu.bo\/index.php\/firma-convenio-aiquile-2025\/\"> <span class=\"screen-reader-text\">Firma Convenio Aiquile 2025<\/span> Read More &raquo;<\/a><\/p>","_links":{"self":[{"href":"https:\/\/fesa.edu.bo\/index.php\/wp-json\/wp\/v2\/pages\/5321","targetHints":{"allow":["GET"]}}],"collection":[{"href":"https:\/\/fesa.edu.bo\/index.php\/wp-json\/wp\/v2\/pages"}],"about":[{"href":"https:\/\/fesa.edu.bo\/index.php\/wp-json\/wp\/v2\/types\/page"}],"author":[{"embeddable":true,"href":"https:\/\/fesa.edu.bo\/index.php\/wp-json\/wp\/v2\/users\/1"}],"replies":[{"embeddable":true,"href":"https:\/\/fesa.edu.bo\/index.php\/wp-json\/wp\/v2\/comments?post=5321"}],"version-history":[{"count":16,"href":"https:\/\/fesa.edu.bo\/index.php\/wp-json\/wp\/v2\/pages\/5321\/revisions"}],"predecessor-version":[{"id":5345,"href":"https:\/\/fesa.edu.bo\/index.php\/wp-json\/wp\/v2\/pages\/5321\/revisions\/5345"}],"wp:attachment":[{"href":"https:\/\/fesa.edu.bo\/index.php\/wp-json\/wp\/v2\/media?parent=5321"}],"curies":[{"name":"wp","href":"https:\/\/api.w.org\/{rel}","templated":true}]}}