{"id":5237,"date":"2025-09-05T18:10:48","date_gmt":"2025-09-05T16:10:48","guid":{"rendered":"https:\/\/fesa.edu.bo\/?page_id=5237"},"modified":"2025-09-05T18:26:12","modified_gmt":"2025-09-05T16:26:12","slug":"eleccion-del-nuevo-directorio-de-fesa","status":"publish","type":"page","link":"https:\/\/fesa.edu.bo\/index.php\/eleccion-del-nuevo-directorio-de-fesa\/","title":{"rendered":"Elecci\u00f3n del Nuevo Directorio de FESA"},"content":{"rendered":"\t\t<div data-elementor-type=\"wp-page\" data-elementor-id=\"5237\" class=\"elementor elementor-5237\">\n\t\t\t\t\t\t<section class=\"elementor-section elementor-top-section elementor-element elementor-element-3ed1347 elementor-section-boxed elementor-section-height-default elementor-section-height-default\" data-id=\"3ed1347\" data-element_type=\"section\" data-e-type=\"section\" data-settings=\"{&quot;background_background&quot;:&quot;classic&quot;}\">\n\t\t\t\t\t\t\t<div class=\"elementor-background-overlay\"><\/div>\n\t\t\t\t\t\t\t<div class=\"elementor-container elementor-column-gap-default\">\n\t\t\t\t\t<div class=\"elementor-column elementor-col-100 elementor-top-column elementor-element elementor-element-f1b71fe\" data-id=\"f1b71fe\" data-element_type=\"column\" data-e-type=\"column\">\n\t\t\t<div class=\"elementor-widget-wrap elementor-element-populated\">\n\t\t\t\t\t\t<div class=\"elementor-element elementor-element-25e2628 elementor-widget elementor-widget-heading\" data-id=\"25e2628\" data-element_type=\"widget\" data-e-type=\"widget\" data-widget_type=\"heading.default\">\n\t\t\t\t<div class=\"elementor-widget-container\">\n\t\t\t\t\t<h1 class=\"elementor-heading-title elementor-size-default\"><strong>Elecci\u00f3n del Nuevo Directorio de FESA <\/strong>\n<\/h1>\t\t\t\t<\/div>\n\t\t\t\t<\/div>\n\t\t\t\t\t<\/div>\n\t\t<\/div>\n\t\t\t\t\t<\/div>\n\t\t<\/section>\n\t\t\t\t<section class=\"elementor-section elementor-top-section elementor-element elementor-element-6fe1f6f elementor-section-boxed elementor-section-height-default elementor-section-height-default\" data-id=\"6fe1f6f\" data-element_type=\"section\" data-e-type=\"section\" data-settings=\"{&quot;background_background&quot;:&quot;classic&quot;}\">\n\t\t\t\t\t\t<div class=\"elementor-container elementor-column-gap-default\">\n\t\t\t\t\t<div class=\"elementor-column elementor-col-50 elementor-top-column elementor-element elementor-element-339e12a\" data-id=\"339e12a\" data-element_type=\"column\" data-e-type=\"column\">\n\t\t\t<div class=\"elementor-widget-wrap elementor-element-populated\">\n\t\t\t\t\t\t<div class=\"elementor-element elementor-element-be42a1c elementor-widget elementor-widget-text-editor\" data-id=\"be42a1c\" data-element_type=\"widget\" data-e-type=\"widget\" data-widget_type=\"text-editor.default\">\n\t\t\t\t<div class=\"elementor-widget-container\">\n\t\t\t\t\t\t\t\t\t<p>En el marco de la <strong>Asamblea General Ordinaria 2025<\/strong>, la Fundaci\u00f3n Educacional San Agust\u00edn (FESA) llev\u00f3 adelante el proceso electoral para la <strong>renovaci\u00f3n parcial de su Directorio<\/strong>, reafirmando su compromiso con la transparencia y la participaci\u00f3n democr\u00e1tica.<\/p><p>Tras la votaci\u00f3n, los resultados consolidados fueron los siguientes:<br \/>Directores Titulares electos:<\/p>\t\t\t\t\t\t\t\t<\/div>\n\t\t\t\t<\/div>\n\t\t\t\t<div class=\"elementor-element elementor-element-5be6ee6 elementor-widget elementor-widget-text-editor\" data-id=\"5be6ee6\" data-element_type=\"widget\" data-e-type=\"widget\" data-widget_type=\"text-editor.default\">\n\t\t\t\t<div class=\"elementor-widget-container\">\n\t\t\t\t\t\t\t\t\t<p><strong>Directores Titulares electos:<\/strong><\/p>\t\t\t\t\t\t\t\t<\/div>\n\t\t\t\t<\/div>\n\t\t\t\t<div class=\"elementor-element elementor-element-26f80df elementor-icon-list--layout-traditional elementor-list-item-link-full_width elementor-widget elementor-widget-icon-list\" data-id=\"26f80df\" data-element_type=\"widget\" data-e-type=\"widget\" data-widget_type=\"icon-list.default\">\n\t\t\t\t<div class=\"elementor-widget-container\">\n\t\t\t\t\t\t\t<ul class=\"elementor-icon-list-items\">\n\t\t\t\t\t\t\t<li class=\"elementor-icon-list-item\">\n\t\t\t\t\t\t\t\t\t\t\t<span class=\"elementor-icon-list-icon\">\n\t\t\t\t\t\t\t<svg aria-hidden=\"true\" class=\"e-font-icon-svg e-fas-circle\" viewBox=\"0 0 512 512\" xmlns=\"http:\/\/www.w3.org\/2000\/svg\"><path d=\"M256 8C119 8 8 119 8 256s111 248 248 248 248-111 248-248S393 8 256 8z\"><\/path><\/svg>\t\t\t\t\t\t<\/span>\n\t\t\t\t\t\t\t\t\t\t<span class=\"elementor-icon-list-text\">Roberto Ortu\u00f1o Z\u00e1rate (47 votos)<\/span>\n\t\t\t\t\t\t\t\t\t<\/li>\n\t\t\t\t\t\t\t\t<li class=\"elementor-icon-list-item\">\n\t\t\t\t\t\t\t\t\t\t\t<span class=\"elementor-icon-list-icon\">\n\t\t\t\t\t\t\t<svg aria-hidden=\"true\" class=\"e-font-icon-svg e-fas-circle\" viewBox=\"0 0 512 512\" xmlns=\"http:\/\/www.w3.org\/2000\/svg\"><path d=\"M256 8C119 8 8 119 8 256s111 248 248 248 248-111 248-248S393 8 256 8z\"><\/path><\/svg>\t\t\t\t\t\t<\/span>\n\t\t\t\t\t\t\t\t\t\t<span class=\"elementor-icon-list-text\">Ariel Monta\u00f1o Quinteros (39 votos)<\/span>\n\t\t\t\t\t\t\t\t\t<\/li>\n\t\t\t\t\t\t\t\t<li class=\"elementor-icon-list-item\">\n\t\t\t\t\t\t\t\t\t\t\t<span class=\"elementor-icon-list-icon\">\n\t\t\t\t\t\t\t<svg aria-hidden=\"true\" class=\"e-font-icon-svg e-fas-circle\" viewBox=\"0 0 512 512\" xmlns=\"http:\/\/www.w3.org\/2000\/svg\"><path d=\"M256 8C119 8 8 119 8 256s111 248 248 248 248-111 248-248S393 8 256 8z\"><\/path><\/svg>\t\t\t\t\t\t<\/span>\n\t\t\t\t\t\t\t\t\t\t<span class=\"elementor-icon-list-text\">Juan Pablo Rojas Trigo (38 votos)<\/span>\n\t\t\t\t\t\t\t\t\t<\/li>\n\t\t\t\t\t\t\t\t<li class=\"elementor-icon-list-item\">\n\t\t\t\t\t\t\t\t\t\t\t<span class=\"elementor-icon-list-icon\">\n\t\t\t\t\t\t\t<svg aria-hidden=\"true\" class=\"e-font-icon-svg e-fas-circle\" viewBox=\"0 0 512 512\" xmlns=\"http:\/\/www.w3.org\/2000\/svg\"><path d=\"M256 8C119 8 8 119 8 256s111 248 248 248 248-111 248-248S393 8 256 8z\"><\/path><\/svg>\t\t\t\t\t\t<\/span>\n\t\t\t\t\t\t\t\t\t\t<span class=\"elementor-icon-list-text\">Joaqu\u00edn Mora Fern\u00e1ndez (35 votos)<\/span>\n\t\t\t\t\t\t\t\t\t<\/li>\n\t\t\t\t\t\t<\/ul>\n\t\t\t\t\t\t<\/div>\n\t\t\t\t<\/div>\n\t\t\t\t<div class=\"elementor-element elementor-element-0470060 elementor-widget elementor-widget-text-editor\" data-id=\"0470060\" data-element_type=\"widget\" data-e-type=\"widget\" data-widget_type=\"text-editor.default\">\n\t\t\t\t<div class=\"elementor-widget-container\">\n\t\t\t\t\t\t\t\t\t<p><strong>Directores Suplentes electos:<\/strong><\/p>\t\t\t\t\t\t\t\t<\/div>\n\t\t\t\t<\/div>\n\t\t\t\t<div class=\"elementor-element elementor-element-def3352 elementor-icon-list--layout-traditional elementor-list-item-link-full_width elementor-widget elementor-widget-icon-list\" data-id=\"def3352\" data-element_type=\"widget\" data-e-type=\"widget\" data-widget_type=\"icon-list.default\">\n\t\t\t\t<div class=\"elementor-widget-container\">\n\t\t\t\t\t\t\t<ul class=\"elementor-icon-list-items\">\n\t\t\t\t\t\t\t<li class=\"elementor-icon-list-item\">\n\t\t\t\t\t\t\t\t\t\t\t<span class=\"elementor-icon-list-icon\">\n\t\t\t\t\t\t\t<svg aria-hidden=\"true\" class=\"e-font-icon-svg e-fas-circle\" viewBox=\"0 0 512 512\" xmlns=\"http:\/\/www.w3.org\/2000\/svg\"><path d=\"M256 8C119 8 8 119 8 256s111 248 248 248 248-111 248-248S393 8 256 8z\"><\/path><\/svg>\t\t\t\t\t\t<\/span>\n\t\t\t\t\t\t\t\t\t\t<span class=\"elementor-icon-list-text\">Javier Camacho Rodr\u00edguez (34 votos)<\/span>\n\t\t\t\t\t\t\t\t\t<\/li>\n\t\t\t\t\t\t\t\t<li class=\"elementor-icon-list-item\">\n\t\t\t\t\t\t\t\t\t\t\t<span class=\"elementor-icon-list-icon\">\n\t\t\t\t\t\t\t<svg aria-hidden=\"true\" class=\"e-font-icon-svg e-fas-circle\" viewBox=\"0 0 512 512\" xmlns=\"http:\/\/www.w3.org\/2000\/svg\"><path d=\"M256 8C119 8 8 119 8 256s111 248 248 248 248-111 248-248S393 8 256 8z\"><\/path><\/svg>\t\t\t\t\t\t<\/span>\n\t\t\t\t\t\t\t\t\t\t<span class=\"elementor-icon-list-text\">\u00c1lvaro Pozo Torrez (30 votos)<\/span>\n\t\t\t\t\t\t\t\t\t<\/li>\n\t\t\t\t\t\t\t\t<li class=\"elementor-icon-list-item\">\n\t\t\t\t\t\t\t\t\t\t\t<span class=\"elementor-icon-list-icon\">\n\t\t\t\t\t\t\t<svg aria-hidden=\"true\" class=\"e-font-icon-svg e-fas-circle\" viewBox=\"0 0 512 512\" xmlns=\"http:\/\/www.w3.org\/2000\/svg\"><path d=\"M256 8C119 8 8 119 8 256s111 248 248 248 248-111 248-248S393 8 256 8z\"><\/path><\/svg>\t\t\t\t\t\t<\/span>\n\t\t\t\t\t\t\t\t\t\t<span class=\"elementor-icon-list-text\">Daniel Rollano Quiroga (20 votos)<\/span>\n\t\t\t\t\t\t\t\t\t<\/li>\n\t\t\t\t\t\t<\/ul>\n\t\t\t\t\t\t<\/div>\n\t\t\t\t<\/div>\n\t\t\t\t<div class=\"elementor-element elementor-element-032ccf4 elementor-widget elementor-widget-text-editor\" data-id=\"032ccf4\" data-element_type=\"widget\" data-e-type=\"widget\" data-widget_type=\"text-editor.default\">\n\t\t\t\t<div class=\"elementor-widget-container\">\n\t\t\t\t\t\t\t\t\t<p>Este proceso fortalece la <strong>gobernanza institucional de FESA<\/strong> y refuerza el compromiso de toda la comunidad agustina en la construcci\u00f3n de una educaci\u00f3n integral y transformadora para Bolivia.<\/p>\t\t\t\t\t\t\t\t<\/div>\n\t\t\t\t<\/div>\n\t\t\t\t\t<\/div>\n\t\t<\/div>\n\t\t\t\t<div class=\"elementor-column elementor-col-50 elementor-top-column elementor-element elementor-element-5089108\" data-id=\"5089108\" data-element_type=\"column\" data-e-type=\"column\">\n\t\t\t<div class=\"elementor-widget-wrap elementor-element-populated\">\n\t\t\t\t\t\t<div class=\"elementor-element elementor-element-986e25e elementor-widget elementor-widget-image\" data-id=\"986e25e\" data-element_type=\"widget\" data-e-type=\"widget\" data-widget_type=\"image.default\">\n\t\t\t\t<div class=\"elementor-widget-container\">\n\t\t\t\t\t\t\t\t\t\t\t\t\t\t\t<img fetchpriority=\"high\" decoding=\"async\" width=\"1080\" height=\"771\" src=\"https:\/\/fesa.edu.bo\/wp-content\/uploads\/2025\/09\/20.jpg\" class=\"attachment-full size-full wp-image-5219\" alt=\"\" srcset=\"https:\/\/fesa.edu.bo\/wp-content\/uploads\/2025\/09\/20.jpg 1080w, https:\/\/fesa.edu.bo\/wp-content\/uploads\/2025\/09\/20-300x214.jpg 300w, https:\/\/fesa.edu.bo\/wp-content\/uploads\/2025\/09\/20-1024x731.jpg 1024w, https:\/\/fesa.edu.bo\/wp-content\/uploads\/2025\/09\/20-768x548.jpg 768w, https:\/\/fesa.edu.bo\/wp-content\/uploads\/2025\/09\/20-100x71.jpg 100w, https:\/\/fesa.edu.bo\/wp-content\/uploads\/2025\/09\/20-150x107.jpg 150w, https:\/\/fesa.edu.bo\/wp-content\/uploads\/2025\/09\/20-200x143.jpg 200w, https:\/\/fesa.edu.bo\/wp-content\/uploads\/2025\/09\/20-450x321.jpg 450w, https:\/\/fesa.edu.bo\/wp-content\/uploads\/2025\/09\/20-600x428.jpg 600w, https:\/\/fesa.edu.bo\/wp-content\/uploads\/2025\/09\/20-900x643.jpg 900w\" sizes=\"(max-width: 1080px) 100vw, 1080px\" \/>\t\t\t\t\t\t\t\t\t\t\t\t\t\t\t<\/div>\n\t\t\t\t<\/div>\n\t\t\t\t\t<\/div>\n\t\t<\/div>\n\t\t\t\t\t<\/div>\n\t\t<\/section>\n\t\t\t\t<\/div>\n\t\t","protected":false},"excerpt":{"rendered":"<p>Elecci\u00f3n del Nuevo Directorio de FESA En el marco de la Asamblea General Ordinaria 2025, la Fundaci\u00f3n Educacional San Agust\u00edn (FESA) llev\u00f3 adelante el proceso electoral para la renovaci\u00f3n parcial de su Directorio, reafirmando su compromiso con la transparencia y &hellip;<\/p>\n<p class=\"read-more\"> <a class=\"more-link\" href=\"https:\/\/fesa.edu.bo\/index.php\/eleccion-del-nuevo-directorio-de-fesa\/\"> <span class=\"screen-reader-text\">Elecci\u00f3n del Nuevo Directorio de FESA<\/span> Read More &raquo;<\/a><\/p>\n","protected":false},"author":1,"featured_media":0,"parent":0,"menu_order":0,"comment_status":"closed","ping_status":"closed","template":"elementor_header_footer","meta":{"pmpro_default_level":"","footnotes":""},"class_list":["post-5237","page","type-page","status-publish","hentry","pmpro-has-access"],"featured_image_src":"","featured_image_src_square":false,"rbea_author_info":{"display_name":"juan.choque","author_link":"https:\/\/fesa.edu.bo\/author\/juan-choque\/"},"rbea_excerpt_info":"Elecci\u00f3n del Nuevo Directorio de FESA En el marco de la Asamblea General Ordinaria 2025, la Fundaci\u00f3n Educacional San Agust\u00edn (FESA) llev\u00f3 adelante el proceso electoral para la renovaci\u00f3n parcial de su Directorio, reafirmando su compromiso con la transparencia y &hellip;<p class=\"read-more\"> <a class=\"more-link\" href=\"https:\/\/fesa.edu.bo\/index.php\/eleccion-del-nuevo-directorio-de-fesa\/\"> <span class=\"screen-reader-text\">Elecci\u00f3n del Nuevo Directorio de FESA<\/span> Read More &raquo;<\/a><\/p>","_links":{"self":[{"href":"https:\/\/fesa.edu.bo\/index.php\/wp-json\/wp\/v2\/pages\/5237","targetHints":{"allow":["GET"]}}],"collection":[{"href":"https:\/\/fesa.edu.bo\/index.php\/wp-json\/wp\/v2\/pages"}],"about":[{"href":"https:\/\/fesa.edu.bo\/index.php\/wp-json\/wp\/v2\/types\/page"}],"author":[{"embeddable":true,"href":"https:\/\/fesa.edu.bo\/index.php\/wp-json\/wp\/v2\/users\/1"}],"replies":[{"embeddable":true,"href":"https:\/\/fesa.edu.bo\/index.php\/wp-json\/wp\/v2\/comments?post=5237"}],"version-history":[{"count":13,"href":"https:\/\/fesa.edu.bo\/index.php\/wp-json\/wp\/v2\/pages\/5237\/revisions"}],"predecessor-version":[{"id":5251,"href":"https:\/\/fesa.edu.bo\/index.php\/wp-json\/wp\/v2\/pages\/5237\/revisions\/5251"}],"wp:attachment":[{"href":"https:\/\/fesa.edu.bo\/index.php\/wp-json\/wp\/v2\/media?parent=5237"}],"curies":[{"name":"wp","href":"https:\/\/api.w.org\/{rel}","templated":true}]}}