{"id":4625,"date":"2024-10-03T17:57:25","date_gmt":"2024-10-03T15:57:25","guid":{"rendered":"https:\/\/fesa.edu.bo\/?page_id=4625"},"modified":"2024-10-03T19:28:24","modified_gmt":"2024-10-03T17:28:24","slug":"admisiones-csa-2025","status":"publish","type":"page","link":"https:\/\/fesa.edu.bo\/index.php\/admisiones-csa-2025\/","title":{"rendered":"Admisiones CSA 2025"},"content":{"rendered":"\t\t<div data-elementor-type=\"wp-page\" data-elementor-id=\"4625\" class=\"elementor elementor-4625\">\n\t\t\t\t\t\t<section class=\"elementor-section elementor-top-section elementor-element elementor-element-ed3c6ad elementor-section-boxed elementor-section-height-default elementor-section-height-default\" data-id=\"ed3c6ad\" data-element_type=\"section\" data-e-type=\"section\" data-settings=\"{&quot;background_background&quot;:&quot;classic&quot;}\">\n\t\t\t\t\t\t\t<div class=\"elementor-background-overlay\"><\/div>\n\t\t\t\t\t\t\t<div class=\"elementor-container elementor-column-gap-default\">\n\t\t\t\t\t<div class=\"elementor-column elementor-col-100 elementor-top-column elementor-element elementor-element-f54ac80\" data-id=\"f54ac80\" data-element_type=\"column\" data-e-type=\"column\">\n\t\t\t<div class=\"elementor-widget-wrap elementor-element-populated\">\n\t\t\t\t\t\t<div class=\"elementor-element elementor-element-91ac2fa elementor-widget elementor-widget-heading\" data-id=\"91ac2fa\" data-element_type=\"widget\" data-e-type=\"widget\" data-widget_type=\"heading.default\">\n\t\t\t\t<div class=\"elementor-widget-container\">\n\t\t\t\t\t<h1 class=\"elementor-heading-title elementor-size-default\">PROCESO DE ADMISI\u00d3N 2025 \n<br \/>\n COLEGIO SAN AGUST\u00cdN<\/h1>\t\t\t\t<\/div>\n\t\t\t\t<\/div>\n\t\t\t\t\t<\/div>\n\t\t<\/div>\n\t\t\t\t\t<\/div>\n\t\t<\/section>\n\t\t\t\t<section class=\"elementor-section elementor-top-section elementor-element elementor-element-18721ce elementor-section-boxed elementor-section-height-default elementor-section-height-default\" data-id=\"18721ce\" data-element_type=\"section\" data-e-type=\"section\" data-settings=\"{&quot;background_background&quot;:&quot;classic&quot;}\">\n\t\t\t\t\t\t<div class=\"elementor-container elementor-column-gap-default\">\n\t\t\t\t\t<div class=\"elementor-column elementor-col-50 elementor-top-column elementor-element elementor-element-aab43a4\" data-id=\"aab43a4\" data-element_type=\"column\" data-e-type=\"column\">\n\t\t\t<div class=\"elementor-widget-wrap elementor-element-populated\">\n\t\t\t\t\t\t<div class=\"elementor-element elementor-element-08573d5 elementor-widget elementor-widget-image\" data-id=\"08573d5\" data-element_type=\"widget\" data-e-type=\"widget\" data-widget_type=\"image.default\">\n\t\t\t\t<div class=\"elementor-widget-container\">\n\t\t\t\t\t\t\t\t\t\t\t\t\t\t\t\t<a href=\"https:\/\/servidorfesa.com\/wp-content\/uploads\/2024\/10\/admision2025.jpeg\" data-elementor-open-lightbox=\"yes\" data-elementor-lightbox-title=\"admision2025\" data-e-action-hash=\"#elementor-action%3Aaction%3Dlightbox%26settings%3DeyJpZCI6NDY0MiwidXJsIjoiaHR0cHM6XC9cL2Zlc2EuZWR1LmJvXC93cC1jb250ZW50XC91cGxvYWRzXC8yMDI0XC8xMFwvYWRtaXNpb24yMDI1LmpwZWcifQ%3D%3D\" target=\"_blank\" rel=\"noopener\">\n\t\t\t\t\t\t\t<img fetchpriority=\"high\" decoding=\"async\" width=\"1350\" height=\"1080\" src=\"https:\/\/fesa.edu.bo\/wp-content\/uploads\/2024\/10\/admision2025.jpeg\" class=\"attachment-full size-full wp-image-4642\" alt=\"\" srcset=\"https:\/\/fesa.edu.bo\/wp-content\/uploads\/2024\/10\/admision2025.jpeg 1350w, https:\/\/fesa.edu.bo\/wp-content\/uploads\/2024\/10\/admision2025-300x240.jpeg 300w, https:\/\/fesa.edu.bo\/wp-content\/uploads\/2024\/10\/admision2025-1024x819.jpeg 1024w, https:\/\/fesa.edu.bo\/wp-content\/uploads\/2024\/10\/admision2025-768x614.jpeg 768w, https:\/\/fesa.edu.bo\/wp-content\/uploads\/2024\/10\/admision2025-100x80.jpeg 100w, https:\/\/fesa.edu.bo\/wp-content\/uploads\/2024\/10\/admision2025-150x120.jpeg 150w, https:\/\/fesa.edu.bo\/wp-content\/uploads\/2024\/10\/admision2025-200x160.jpeg 200w, https:\/\/fesa.edu.bo\/wp-content\/uploads\/2024\/10\/admision2025-450x360.jpeg 450w, https:\/\/fesa.edu.bo\/wp-content\/uploads\/2024\/10\/admision2025-600x480.jpeg 600w, https:\/\/fesa.edu.bo\/wp-content\/uploads\/2024\/10\/admision2025-900x720.jpeg 900w\" sizes=\"(max-width: 1350px) 100vw, 1350px\" \/>\t\t\t\t\t\t\t\t<\/a>\n\t\t\t\t\t\t\t\t\t\t\t\t\t\t\t<\/div>\n\t\t\t\t<\/div>\n\t\t\t\t\t<\/div>\n\t\t<\/div>\n\t\t\t\t<div class=\"elementor-column elementor-col-50 elementor-top-column elementor-element elementor-element-2eb1ff1\" data-id=\"2eb1ff1\" data-element_type=\"column\" data-e-type=\"column\">\n\t\t\t<div class=\"elementor-widget-wrap elementor-element-populated\">\n\t\t\t\t\t\t<div class=\"elementor-element elementor-element-d03fa1f elementor-vertical-align-middle elementor-widget elementor-widget-image-box\" data-id=\"d03fa1f\" data-element_type=\"widget\" data-e-type=\"widget\" data-widget_type=\"image-box.default\">\n\t\t\t\t<div class=\"elementor-widget-container\">\n\t\t\t\t\t<div class=\"elementor-image-box-wrapper\"><div class=\"elementor-image-box-content\"><h2 class=\"elementor-image-box-title\">Estimada Comunidad:<\/h2><\/div><\/div>\t\t\t\t<\/div>\n\t\t\t\t<\/div>\n\t\t\t\t<div class=\"elementor-element elementor-element-cc690b7 elementor-widget__width-initial elementor-widget elementor-widget-heading\" data-id=\"cc690b7\" data-element_type=\"widget\" data-e-type=\"widget\" data-widget_type=\"heading.default\">\n\t\t\t\t<div class=\"elementor-widget-container\">\n\t\t\t\t\t<p class=\"elementor-heading-title elementor-size-default\">El Colegio San Agust\u00edn abre sus puertas a todos los alumnos(as) interesados de 6to de primaria en formar parte de nuestra instituci\u00f3n! :school:\n<br><br>\n<strong>INICIO DE CLASES: 18 DE OCTUBRE<\/strong>\n<br \/><br>\nInscr\u00edbete al Curso de Preparaci\u00f3n Acad\u00e9mica (CPA) en el siguiente enlace: \n<br>\n<a href=\"https:\/\/sanagustincbb.web.app\" target=\"_blanck\" style=\"font-weight:bolder\" rel=\"noopener\">https:\/\/sanagustincbb.web.app<\/a>\n<br>\n<br>\nMayor Info:calling::\n<br \/>\n\n<a href=\"https:\/\/wa.me\/5917748259\" target=\"_blanck\" style=\"font-weight:bolder\" rel=\"noopener\">7748259<\/a>\n\n<br><br>\n\u00a1Los esperamos!<\/p>\t\t\t\t<\/div>\n\t\t\t\t<\/div>\n\t\t\t\t<div class=\"elementor-element elementor-element-7a32d7e elementor-widget-divider--view-line elementor-widget elementor-widget-divider\" data-id=\"7a32d7e\" data-element_type=\"widget\" data-e-type=\"widget\" data-widget_type=\"divider.default\">\n\t\t\t\t<div class=\"elementor-widget-container\">\n\t\t\t\t\t\t\t<div class=\"elementor-divider\">\n\t\t\t<span class=\"elementor-divider-separator\">\n\t\t\t\t\t\t<\/span>\n\t\t<\/div>\n\t\t\t\t\t\t<\/div>\n\t\t\t\t<\/div>\n\t\t\t\t\t<\/div>\n\t\t<\/div>\n\t\t\t\t\t<\/div>\n\t\t<\/section>\n\t\t<div class=\"elementor-element elementor-element-876115a e-flex e-con-boxed e-con e-parent\" data-id=\"876115a\" data-element_type=\"container\" data-e-type=\"container\">\n\t\t\t\t\t<div class=\"e-con-inner\">\n\t\t\t\t<div class=\"elementor-element elementor-element-1959d4a elementor-widget elementor-widget-image\" data-id=\"1959d4a\" data-element_type=\"widget\" data-e-type=\"widget\" data-widget_type=\"image.default\">\n\t\t\t\t<div class=\"elementor-widget-container\">\n\t\t\t\t\t\t\t\t\t\t\t\t\t\t\t\t<a href=\"https:\/\/servidorfesa.com\/wp-content\/uploads\/2024\/10\/admision-inf2025-2.jpeg\" data-elementor-open-lightbox=\"yes\" data-elementor-lightbox-title=\"admision-inf2025-2\" data-e-action-hash=\"#elementor-action%3Aaction%3Dlightbox%26settings%3DeyJpZCI6NDY0NywidXJsIjoiaHR0cHM6XC9cL2Zlc2EuZWR1LmJvXC93cC1jb250ZW50XC91cGxvYWRzXC8yMDI0XC8xMFwvYWRtaXNpb24taW5mMjAyNS0yLmpwZWcifQ%3D%3D\" target=\"_blank\" rel=\"noopener\">\n\t\t\t\t\t\t\t<img decoding=\"async\" width=\"1024\" height=\"819\" src=\"https:\/\/fesa.edu.bo\/wp-content\/uploads\/2024\/10\/admision-inf2025-2-1024x819.jpeg\" class=\"attachment-large size-large wp-image-4647\" alt=\"\" srcset=\"https:\/\/fesa.edu.bo\/wp-content\/uploads\/2024\/10\/admision-inf2025-2-1024x819.jpeg 1024w, https:\/\/fesa.edu.bo\/wp-content\/uploads\/2024\/10\/admision-inf2025-2-300x240.jpeg 300w, https:\/\/fesa.edu.bo\/wp-content\/uploads\/2024\/10\/admision-inf2025-2-768x614.jpeg 768w, https:\/\/fesa.edu.bo\/wp-content\/uploads\/2024\/10\/admision-inf2025-2-100x80.jpeg 100w, https:\/\/fesa.edu.bo\/wp-content\/uploads\/2024\/10\/admision-inf2025-2-150x120.jpeg 150w, https:\/\/fesa.edu.bo\/wp-content\/uploads\/2024\/10\/admision-inf2025-2-200x160.jpeg 200w, https:\/\/fesa.edu.bo\/wp-content\/uploads\/2024\/10\/admision-inf2025-2-450x360.jpeg 450w, https:\/\/fesa.edu.bo\/wp-content\/uploads\/2024\/10\/admision-inf2025-2-600x480.jpeg 600w, https:\/\/fesa.edu.bo\/wp-content\/uploads\/2024\/10\/admision-inf2025-2-900x720.jpeg 900w, https:\/\/fesa.edu.bo\/wp-content\/uploads\/2024\/10\/admision-inf2025-2.jpeg 1350w\" sizes=\"(max-width: 1024px) 100vw, 1024px\" \/>\t\t\t\t\t\t\t\t<\/a>\n\t\t\t\t\t\t\t\t\t\t\t\t\t\t\t<\/div>\n\t\t\t\t<\/div>\n\t\t\t\t\t<\/div>\n\t\t\t\t<\/div>\n\t\t\t\t<\/div>\n\t\t","protected":false},"excerpt":{"rendered":"<p>PROCESO DE ADMISI\u00d3N 2025 COLEGIO SAN AGUST\u00cdN Estimada Comunidad: El Colegio San Agust\u00edn abre sus puertas a todos los alumnos(as) interesados de 6to de primaria en formar parte de nuestra instituci\u00f3n! :school: INICIO DE CLASES: 18 DE OCTUBRE Inscr\u00edbete al &hellip;<\/p>\n<p class=\"read-more\"> <a class=\"more-link\" href=\"https:\/\/fesa.edu.bo\/index.php\/admisiones-csa-2025\/\"> <span class=\"screen-reader-text\">Admisiones CSA 2025<\/span> Read More &raquo;<\/a><\/p>\n","protected":false},"author":1,"featured_media":0,"parent":0,"menu_order":0,"comment_status":"closed","ping_status":"closed","template":"elementor_header_footer","meta":{"pmpro_default_level":"","footnotes":""},"class_list":["post-4625","page","type-page","status-publish","hentry","pmpro-has-access"],"featured_image_src":"","featured_image_src_square":false,"rbea_author_info":{"display_name":"juan.choque","author_link":"https:\/\/fesa.edu.bo\/author\/juan-choque\/"},"rbea_excerpt_info":"PROCESO DE ADMISI\u00d3N 2025 COLEGIO SAN AGUST\u00cdN Estimada Comunidad: El Colegio San Agust\u00edn abre sus puertas a todos los alumnos(as) interesados de 6to de primaria en formar parte de nuestra instituci\u00f3n! :school: INICIO DE CLASES: 18 DE OCTUBRE Inscr\u00edbete al &hellip;<p class=\"read-more\"> <a class=\"more-link\" href=\"https:\/\/fesa.edu.bo\/index.php\/admisiones-csa-2025\/\"> <span class=\"screen-reader-text\">Admisiones CSA 2025<\/span> Read More &raquo;<\/a><\/p>","_links":{"self":[{"href":"https:\/\/fesa.edu.bo\/index.php\/wp-json\/wp\/v2\/pages\/4625","targetHints":{"allow":["GET"]}}],"collection":[{"href":"https:\/\/fesa.edu.bo\/index.php\/wp-json\/wp\/v2\/pages"}],"about":[{"href":"https:\/\/fesa.edu.bo\/index.php\/wp-json\/wp\/v2\/types\/page"}],"author":[{"embeddable":true,"href":"https:\/\/fesa.edu.bo\/index.php\/wp-json\/wp\/v2\/users\/1"}],"replies":[{"embeddable":true,"href":"https:\/\/fesa.edu.bo\/index.php\/wp-json\/wp\/v2\/comments?post=4625"}],"version-history":[{"count":25,"href":"https:\/\/fesa.edu.bo\/index.php\/wp-json\/wp\/v2\/pages\/4625\/revisions"}],"predecessor-version":[{"id":4656,"href":"https:\/\/fesa.edu.bo\/index.php\/wp-json\/wp\/v2\/pages\/4625\/revisions\/4656"}],"wp:attachment":[{"href":"https:\/\/fesa.edu.bo\/index.php\/wp-json\/wp\/v2\/media?parent=4625"}],"curies":[{"name":"wp","href":"https:\/\/api.w.org\/{rel}","templated":true}]}}