{"id":4479,"date":"2024-08-27T22:20:16","date_gmt":"2024-08-27T20:20:16","guid":{"rendered":"https:\/\/fesa.edu.bo\/?page_id=4479"},"modified":"2024-08-27T22:26:20","modified_gmt":"2024-08-27T20:26:20","slug":"entrevista-edumundo-garafulic","status":"publish","type":"page","link":"https:\/\/fesa.edu.bo\/index.php\/entrevista-edumundo-garafulic\/","title":{"rendered":"entrevista Edumundo Garafulic"},"content":{"rendered":"\t\t<div data-elementor-type=\"wp-page\" data-elementor-id=\"4479\" class=\"elementor elementor-4479\">\n\t\t\t\t\t\t<section class=\"elementor-section elementor-top-section elementor-element elementor-element-7d910f4 elementor-section-boxed elementor-section-height-default elementor-section-height-default\" data-id=\"7d910f4\" data-element_type=\"section\" data-e-type=\"section\" data-settings=\"{&quot;background_background&quot;:&quot;video&quot;}\">\n\t\t\t\t\t\t\t<div class=\"elementor-background-overlay\"><\/div>\n\t\t\t\t\t\t\t<div class=\"elementor-container elementor-column-gap-default\">\n\t\t\t\t\t<div class=\"elementor-column elementor-col-100 elementor-top-column elementor-element elementor-element-14f8efa\" data-id=\"14f8efa\" data-element_type=\"column\" data-e-type=\"column\">\n\t\t\t<div class=\"elementor-widget-wrap elementor-element-populated\">\n\t\t\t\t\t\t<div class=\"elementor-element elementor-element-6433a61 elementor-widget elementor-widget-heading\" data-id=\"6433a61\" data-element_type=\"widget\" data-e-type=\"widget\" data-widget_type=\"heading.default\">\n\t\t\t\t<div class=\"elementor-widget-container\">\n\t\t\t\t\t<h1 class=\"elementor-heading-title elementor-size-default\">DE AGUSTINO A AGUSTINO<br \/>ENTREVISTA A EDMUNDO GARAFULIC<\/h1>\t\t\t\t<\/div>\n\t\t\t\t<\/div>\n\t\t\t\t<div class=\"elementor-element elementor-element-bed96d0 elementor-widget elementor-widget-heading\" data-id=\"bed96d0\" data-element_type=\"widget\" data-e-type=\"widget\" data-widget_type=\"heading.default\">\n\t\t\t\t<div class=\"elementor-widget-container\">\n\t\t\t\t\t<h1 class=\"elementor-heading-title elementor-size-default\">Edmundo Garafulic, durante la entrevista, nos comenta su recorrido acad\u00e9mico y profesional en el exterior, como uno de los primeros graduados becados del Colegio San Agust\u00edn. <br>Cuenta su experiencia y la enfoca para aconsejar a las nuevas generaciones a ser perseverantes en sus estudios y seguir sus sue\u00f1os, as\u00ed como los desaf\u00edos y logros que ha experimentado a lo largo de su carrera, nos comparti\u00f3 valiosos consejos y aprendizajes que adquiri\u00f3 en su camino.<\/h1>\t\t\t\t<\/div>\n\t\t\t\t<\/div>\n\t\t\t\t\t<\/div>\n\t\t<\/div>\n\t\t\t\t\t<\/div>\n\t\t<\/section>\n\t\t<div class=\"elementor-element elementor-element-daa3871 e-con-full e-flex e-con e-parent\" data-id=\"daa3871\" data-element_type=\"container\" data-e-type=\"container\">\n\t\t\t\t<div class=\"elementor-element elementor-element-cc22f72 elementor-widget elementor-widget-video\" data-id=\"cc22f72\" data-element_type=\"widget\" data-e-type=\"widget\" data-settings=\"{&quot;youtube_url&quot;:&quot;https:\\\/\\\/youtu.be\\\/pzgwEvv3RtQ?si=nFpRlQKz0tox8QIr&quot;,&quot;video_type&quot;:&quot;youtube&quot;,&quot;controls&quot;:&quot;yes&quot;}\" data-widget_type=\"video.default\">\n\t\t\t\t<div class=\"elementor-widget-container\">\n\t\t\t\t\t\t\t<div class=\"elementor-wrapper elementor-open-inline\">\n\t\t\t<div class=\"elementor-video\"><\/div>\t\t<\/div>\n\t\t\t\t\t\t<\/div>\n\t\t\t\t<\/div>\n\t\t\t\t<\/div>\n\t\t\t\t<\/div>\n\t\t","protected":false},"excerpt":{"rendered":"<p>DE AGUSTINO A AGUSTINOENTREVISTA A EDMUNDO GARAFULIC Edmundo Garafulic, durante la entrevista, nos comenta su recorrido acad\u00e9mico y profesional en el exterior, como uno de los primeros graduados becados del Colegio San Agust\u00edn. Cuenta su experiencia y la enfoca para &hellip;<\/p>\n<p class=\"read-more\"> <a class=\"more-link\" href=\"https:\/\/fesa.edu.bo\/index.php\/entrevista-edumundo-garafulic\/\"> <span class=\"screen-reader-text\">entrevista Edumundo Garafulic<\/span> Read More &raquo;<\/a><\/p>\n","protected":false},"author":1,"featured_media":0,"parent":0,"menu_order":0,"comment_status":"closed","ping_status":"closed","template":"elementor_header_footer","meta":{"pmpro_default_level":"","footnotes":""},"class_list":["post-4479","page","type-page","status-publish","hentry","pmpro-has-access"],"featured_image_src":"","featured_image_src_square":false,"rbea_author_info":{"display_name":"juan.choque","author_link":"https:\/\/fesa.edu.bo\/author\/juan-choque\/"},"rbea_excerpt_info":"DE AGUSTINO A AGUSTINOENTREVISTA A EDMUNDO GARAFULIC Edmundo Garafulic, durante la entrevista, nos comenta su recorrido acad\u00e9mico y profesional en el exterior, como uno de los primeros graduados becados del Colegio San Agust\u00edn. Cuenta su experiencia y la enfoca para &hellip;<p class=\"read-more\"> <a class=\"more-link\" href=\"https:\/\/fesa.edu.bo\/index.php\/entrevista-edumundo-garafulic\/\"> <span class=\"screen-reader-text\">entrevista Edumundo Garafulic<\/span> Read More &raquo;<\/a><\/p>","_links":{"self":[{"href":"https:\/\/fesa.edu.bo\/index.php\/wp-json\/wp\/v2\/pages\/4479","targetHints":{"allow":["GET"]}}],"collection":[{"href":"https:\/\/fesa.edu.bo\/index.php\/wp-json\/wp\/v2\/pages"}],"about":[{"href":"https:\/\/fesa.edu.bo\/index.php\/wp-json\/wp\/v2\/types\/page"}],"author":[{"embeddable":true,"href":"https:\/\/fesa.edu.bo\/index.php\/wp-json\/wp\/v2\/users\/1"}],"replies":[{"embeddable":true,"href":"https:\/\/fesa.edu.bo\/index.php\/wp-json\/wp\/v2\/comments?post=4479"}],"version-history":[{"count":4,"href":"https:\/\/fesa.edu.bo\/index.php\/wp-json\/wp\/v2\/pages\/4479\/revisions"}],"predecessor-version":[{"id":4483,"href":"https:\/\/fesa.edu.bo\/index.php\/wp-json\/wp\/v2\/pages\/4479\/revisions\/4483"}],"wp:attachment":[{"href":"https:\/\/fesa.edu.bo\/index.php\/wp-json\/wp\/v2\/media?parent=4479"}],"curies":[{"name":"wp","href":"https:\/\/api.w.org\/{rel}","templated":true}]}}