{"id":4319,"date":"2024-08-15T23:54:58","date_gmt":"2024-08-15T21:54:58","guid":{"rendered":"https:\/\/fesa.edu.bo\/?page_id=4319"},"modified":"2024-08-19T21:12:54","modified_gmt":"2024-08-19T19:12:54","slug":"cronograma-fesa","status":"publish","type":"page","link":"https:\/\/fesa.edu.bo\/index.php\/cronograma-fesa\/","title":{"rendered":"cronograma FESA"},"content":{"rendered":"\t\t<div data-elementor-type=\"wp-page\" data-elementor-id=\"4319\" class=\"elementor elementor-4319\">\n\t\t\t\t\t\t<section class=\"elementor-section elementor-top-section elementor-element elementor-element-ed3c6ad elementor-section-boxed elementor-section-height-default elementor-section-height-default\" data-id=\"ed3c6ad\" data-element_type=\"section\" data-e-type=\"section\" data-settings=\"{&quot;background_background&quot;:&quot;classic&quot;}\">\n\t\t\t\t\t\t\t<div class=\"elementor-background-overlay\"><\/div>\n\t\t\t\t\t\t\t<div class=\"elementor-container elementor-column-gap-default\">\n\t\t\t\t\t<div class=\"elementor-column elementor-col-100 elementor-top-column elementor-element elementor-element-f54ac80\" data-id=\"f54ac80\" data-element_type=\"column\" data-e-type=\"column\">\n\t\t\t<div class=\"elementor-widget-wrap elementor-element-populated\">\n\t\t\t\t\t\t<div class=\"elementor-element elementor-element-91ac2fa elementor-widget elementor-widget-heading\" data-id=\"91ac2fa\" data-element_type=\"widget\" data-e-type=\"widget\" data-widget_type=\"heading.default\">\n\t\t\t\t<div class=\"elementor-widget-container\">\n\t\t\t\t\t<h1 class=\"elementor-heading-title elementor-size-default\">CRONOGRAMA DE ACTIVIDADES<\/h1>\t\t\t\t<\/div>\n\t\t\t\t<\/div>\n\t\t\t\t\t<\/div>\n\t\t<\/div>\n\t\t\t\t\t<\/div>\n\t\t<\/section>\n\t\t\t\t<section class=\"elementor-section elementor-top-section elementor-element elementor-element-18721ce elementor-section-boxed elementor-section-height-default elementor-section-height-default\" data-id=\"18721ce\" data-element_type=\"section\" data-e-type=\"section\" data-settings=\"{&quot;background_background&quot;:&quot;classic&quot;}\">\n\t\t\t\t\t\t<div class=\"elementor-container elementor-column-gap-default\">\n\t\t\t\t\t<div class=\"elementor-column elementor-col-100 elementor-top-column elementor-element elementor-element-2eb1ff1\" data-id=\"2eb1ff1\" data-element_type=\"column\" data-e-type=\"column\">\n\t\t\t<div class=\"elementor-widget-wrap elementor-element-populated\">\n\t\t\t\t\t\t<div class=\"elementor-element elementor-element-d03fa1f elementor-position-left elementor-vertical-align-middle elementor-vertical-align-middle elementor-widget-mobile__width-inherit elementor-widget elementor-widget-image-box\" data-id=\"d03fa1f\" data-element_type=\"widget\" data-e-type=\"widget\" data-widget_type=\"image-box.default\">\n\t\t\t\t<div class=\"elementor-widget-container\">\n\t\t\t\t\t<div class=\"elementor-image-box-wrapper\"><figure class=\"elementor-image-box-img\"><img fetchpriority=\"high\" decoding=\"async\" width=\"2560\" height=\"1440\" src=\"https:\/\/fesa.edu.bo\/wp-content\/uploads\/2024\/08\/cronograma-actividades-FESA-1-scaled.jpg\" class=\"attachment-full size-full wp-image-4470\" alt=\"\" srcset=\"https:\/\/fesa.edu.bo\/wp-content\/uploads\/2024\/08\/cronograma-actividades-FESA-1-scaled.jpg 2560w, https:\/\/fesa.edu.bo\/wp-content\/uploads\/2024\/08\/cronograma-actividades-FESA-1-300x169.jpg 300w, https:\/\/fesa.edu.bo\/wp-content\/uploads\/2024\/08\/cronograma-actividades-FESA-1-1024x576.jpg 1024w, https:\/\/fesa.edu.bo\/wp-content\/uploads\/2024\/08\/cronograma-actividades-FESA-1-768x432.jpg 768w, https:\/\/fesa.edu.bo\/wp-content\/uploads\/2024\/08\/cronograma-actividades-FESA-1-1536x864.jpg 1536w, https:\/\/fesa.edu.bo\/wp-content\/uploads\/2024\/08\/cronograma-actividades-FESA-1-2048x1152.jpg 2048w, https:\/\/fesa.edu.bo\/wp-content\/uploads\/2024\/08\/cronograma-actividades-FESA-1-100x56.jpg 100w, https:\/\/fesa.edu.bo\/wp-content\/uploads\/2024\/08\/cronograma-actividades-FESA-1-150x84.jpg 150w, https:\/\/fesa.edu.bo\/wp-content\/uploads\/2024\/08\/cronograma-actividades-FESA-1-200x113.jpg 200w, https:\/\/fesa.edu.bo\/wp-content\/uploads\/2024\/08\/cronograma-actividades-FESA-1-450x253.jpg 450w, https:\/\/fesa.edu.bo\/wp-content\/uploads\/2024\/08\/cronograma-actividades-FESA-1-600x338.jpg 600w, https:\/\/fesa.edu.bo\/wp-content\/uploads\/2024\/08\/cronograma-actividades-FESA-1-900x506.jpg 900w\" sizes=\"(max-width: 2560px) 100vw, 2560px\" \/><\/figure><\/div>\t\t\t\t<\/div>\n\t\t\t\t<\/div>\n\t\t\t\t<div class=\"elementor-element elementor-element-cc690b7 elementor-widget__width-inherit elementor-widget elementor-widget-heading\" data-id=\"cc690b7\" data-element_type=\"widget\" data-e-type=\"widget\" data-widget_type=\"heading.default\">\n\t\t\t\t<div class=\"elementor-widget-container\">\n\t\t\t\t\t<p class=\"elementor-heading-title elementor-size-default\">A continuaci\u00f3n, se presenta la cronolog\u00eda de las actividades de la Fundaci\u00f3n Educacional San Agust\u00edn (FESA) relacionadas con las Olimpiadas STEM+, los 70 a\u00f1os del Colegio San Agust\u00edn, y otros eventos importantes. Entramos en detalle de cada una de las actividades a continuaci\u00f3n:<\/p>\t\t\t\t<\/div>\n\t\t\t\t<\/div>\n\t\t\t\t<div class=\"elementor-element elementor-element-b7ffc86 elementor-icon-list--layout-traditional elementor-list-item-link-full_width elementor-widget elementor-widget-icon-list\" data-id=\"b7ffc86\" data-element_type=\"widget\" data-e-type=\"widget\" data-widget_type=\"icon-list.default\">\n\t\t\t\t<div class=\"elementor-widget-container\">\n\t\t\t\t\t\t\t<ul class=\"elementor-icon-list-items\">\n\t\t\t\t\t\t\t<li class=\"elementor-icon-list-item\">\n\t\t\t\t\t\t\t\t\t\t\t<span class=\"elementor-icon-list-icon\">\n\t\t\t\t\t\t\t<svg aria-hidden=\"true\" class=\"e-font-icon-svg e-fas-dot-circle\" viewBox=\"0 0 512 512\" xmlns=\"http:\/\/www.w3.org\/2000\/svg\"><path d=\"M256 8C119.033 8 8 119.033 8 256s111.033 248 248 248 248-111.033 248-248S392.967 8 256 8zm80 248c0 44.112-35.888 80-80 80s-80-35.888-80-80 35.888-80 80-80 80 35.888 80 80z\"><\/path><\/svg>\t\t\t\t\t\t<\/span>\n\t\t\t\t\t\t\t\t\t\t<span class=\"elementor-icon-list-text\">08 de agosto (noche): Inicio de los festejos por los 70 a\u00f1os del Colegio San Agust\u00edn. El evento se realizar\u00e1 en la casa de la Orden de San Agust\u00edn, donde hace 70 a\u00f1os se llevaron a cabo las primeras clases del colegio. Durante la ceremonia, aliados del colegio entregar\u00e1n reconocimientos por la trayectoria institucional. Entre los reconocimientos, destacar\u00e1n los otorgados por Cisco, la Alianza Francesa, UPB, UCB, Univalle, Unifranz y otros.<\/span>\n\t\t\t\t\t\t\t\t\t<\/li>\n\t\t\t\t\t\t\t\t<li class=\"elementor-icon-list-item\">\n\t\t\t\t\t\t\t\t\t\t\t<span class=\"elementor-icon-list-icon\">\n\t\t\t\t\t\t\t<svg aria-hidden=\"true\" class=\"e-font-icon-svg e-fas-dot-circle\" viewBox=\"0 0 512 512\" xmlns=\"http:\/\/www.w3.org\/2000\/svg\"><path d=\"M256 8C119.033 8 8 119.033 8 256s111.033 248 248 248 248-111.033 248-248S392.967 8 256 8zm80 248c0 44.112-35.888 80-80 80s-80-35.888-80-80 35.888-80 80-80 80 35.888 80 80z\"><\/path><\/svg>\t\t\t\t\t\t<\/span>\n\t\t\t\t\t\t\t\t\t\t<span class=\"elementor-icon-list-text\">10 de agosto (ma\u00f1ana): Anuncio de los 50 mejores proyectos de las Olimpiadas STEM+ 2024 en las instalaciones de la UPB.  Este encuentro reunir\u00e1 a estudiantes, educadores y autoridades comprometidas con la educaci\u00f3n y el progreso tecnol\u00f3gico.  Cada equipo trabaj\u00f3 en un proyecto STEM+ enfocado en la identificaci\u00f3n de un problema en su entorno inmediato, proponiendo soluciones innovadoras a trav\u00e9s del enfoque STEM+ (Ciencias, Tecnolog\u00eda, Ingenier\u00eda, Matem\u00e1ticas y m\u00e1s) en las tem\u00e1ticas de salud y bienestar, energ\u00edas alternativas y medio ambiente.<\/span>\n\t\t\t\t\t\t\t\t\t<\/li>\n\t\t\t\t\t\t\t\t<li class=\"elementor-icon-list-item\">\n\t\t\t\t\t\t\t\t\t\t\t<span class=\"elementor-icon-list-icon\">\n\t\t\t\t\t\t\t<svg aria-hidden=\"true\" class=\"e-font-icon-svg e-fas-dot-circle\" viewBox=\"0 0 512 512\" xmlns=\"http:\/\/www.w3.org\/2000\/svg\"><path d=\"M256 8C119.033 8 8 119.033 8 256s111.033 248 248 248 248-111.033 248-248S392.967 8 256 8zm80 248c0 44.112-35.888 80-80 80s-80-35.888-80-80 35.888-80 80-80 80 35.888 80 80z\"><\/path><\/svg>\t\t\t\t\t\t<\/span>\n\t\t\t\t\t\t\t\t\t\t<span class=\"elementor-icon-list-text\">15 de agosto (d\u00eda): Reconocimiento en la sala Nicol\u00e1s Beumer a todas las personas mayores de 70 a\u00f1os que han formado parte de la historia del colegio. Este evento busca reconocer en vida el aporte que cada uno de ellos ha hecho al colegio.<\/span>\n\t\t\t\t\t\t\t\t\t<\/li>\n\t\t\t\t\t\t\t\t<li class=\"elementor-icon-list-item\">\n\t\t\t\t\t\t\t\t\t\t\t<span class=\"elementor-icon-list-icon\">\n\t\t\t\t\t\t\t<svg aria-hidden=\"true\" class=\"e-font-icon-svg e-fas-dot-circle\" viewBox=\"0 0 512 512\" xmlns=\"http:\/\/www.w3.org\/2000\/svg\"><path d=\"M256 8C119.033 8 8 119.033 8 256s111.033 248 248 248 248-111.033 248-248S392.967 8 256 8zm80 248c0 44.112-35.888 80-80 80s-80-35.888-80-80 35.888-80 80-80 80 35.888 80 80z\"><\/path><\/svg>\t\t\t\t\t\t<\/span>\n\t\t\t\t\t\t\t\t\t\t<span class=\"elementor-icon-list-text\">23 de agosto (noche): La Asamblea Extraordinaria 2024 que se llevar\u00e1 a cabo  a horas 19:00, en el sal\u00f3n Nicol\u00e1s Beumer de las instalaciones de FESA, con el siguiente  orden del d\u00eda:  1. Definici\u00f3n y autorizaci\u00f3n de inversi\u00f3n en cumplimiento al mandato de la Asamblea Extraordinaria 2023.<\/span>\n\t\t\t\t\t\t\t\t\t<\/li>\n\t\t\t\t\t\t\t\t<li class=\"elementor-icon-list-item\">\n\t\t\t\t\t\t\t\t\t\t\t<span class=\"elementor-icon-list-icon\">\n\t\t\t\t\t\t\t<svg aria-hidden=\"true\" class=\"e-font-icon-svg e-fas-dot-circle\" viewBox=\"0 0 512 512\" xmlns=\"http:\/\/www.w3.org\/2000\/svg\"><path d=\"M256 8C119.033 8 8 119.033 8 256s111.033 248 248 248 248-111.033 248-248S392.967 8 256 8zm80 248c0 44.112-35.888 80-80 80s-80-35.888-80-80 35.888-80 80-80 80 35.888 80 80z\"><\/path><\/svg>\t\t\t\t\t\t<\/span>\n\t\t\t\t\t\t\t\t\t\t<span class=\"elementor-icon-list-text\">27 de agosto: Nos complace anunciar que en esta fecha, se llevar\u00e1n a cabo dos eventos especiales un acto de reconocimiento al Colegio San Agust\u00edn en honor a los 70 a\u00f1os por parte de las autoridades del departamento en el Teatro Ach\u00e1.  Seguidamente, la Asociaci\u00f3n Sinf\u00f3nica de Cochabamba ofrecer\u00e1 un concierto especial en honor a esta ocasi\u00f3n, en el mismo lugar.<\/span>\n\t\t\t\t\t\t\t\t\t<\/li>\n\t\t\t\t\t\t\t\t<li class=\"elementor-icon-list-item\">\n\t\t\t\t\t\t\t\t\t\t\t<span class=\"elementor-icon-list-icon\">\n\t\t\t\t\t\t\t<svg aria-hidden=\"true\" class=\"e-font-icon-svg e-fas-dot-circle\" viewBox=\"0 0 512 512\" xmlns=\"http:\/\/www.w3.org\/2000\/svg\"><path d=\"M256 8C119.033 8 8 119.033 8 256s111.033 248 248 248 248-111.033 248-248S392.967 8 256 8zm80 248c0 44.112-35.888 80-80 80s-80-35.888-80-80 35.888-80 80-80 80 35.888 80 80z\"><\/path><\/svg>\t\t\t\t\t\t<\/span>\n\t\t\t\t\t\t\t\t\t\t<span class=\"elementor-icon-list-text\">27 al 30 de agosto: Semana de Arte y Cultura, organizada por FESA, te invita a los conciertos en conmemoraci\u00f3n del 70\u00ba aniversario del Colegio San Agust\u00edn.<br><span data-elementor-setting-key=\"icon_list.0.text\" data-pen-placeholder=\"Type Here...\">Estos eventos especiales se llevar\u00e1n a cabo en el siguiente fechas:<\/span><\/span>\n\t\t\t\t\t\t\t\t\t<\/li>\n\t\t\t\t\t\t<\/ul>\n\t\t\t\t\t\t<\/div>\n\t\t\t\t<\/div>\n\t\t\t\t<div class=\"elementor-element elementor-element-06b804c elementor-icon-list--layout-traditional elementor-list-item-link-full_width elementor-widget elementor-widget-icon-list\" data-id=\"06b804c\" data-element_type=\"widget\" data-e-type=\"widget\" data-widget_type=\"icon-list.default\">\n\t\t\t\t<div class=\"elementor-widget-container\">\n\t\t\t\t\t\t\t<ul class=\"elementor-icon-list-items\">\n\t\t\t\t\t\t\t<li class=\"elementor-icon-list-item\">\n\t\t\t\t\t\t\t\t\t\t\t<span class=\"elementor-icon-list-icon\">\n\t\t\t\t\t\t\t<svg aria-hidden=\"true\" class=\"e-font-icon-svg e-far-dot-circle\" viewBox=\"0 0 512 512\" xmlns=\"http:\/\/www.w3.org\/2000\/svg\"><path d=\"M256 56c110.532 0 200 89.451 200 200 0 110.532-89.451 200-200 200-110.532 0-200-89.451-200-200 0-110.532 89.451-200 200-200m0-48C119.033 8 8 119.033 8 256s111.033 248 248 248 248-111.033 248-248S392.967 8 256 8zm0 168c-44.183 0-80 35.817-80 80s35.817 80 80 80 80-35.817 80-80-35.817-80-80-80z\"><\/path><\/svg>\t\t\t\t\t\t<\/span>\n\t\t\t\t\t\t\t\t\t\t<span class=\"elementor-icon-list-text\">27 de agosto: Concierto de Folklore.<\/span>\n\t\t\t\t\t\t\t\t\t<\/li>\n\t\t\t\t\t\t\t\t<li class=\"elementor-icon-list-item\">\n\t\t\t\t\t\t\t\t\t\t\t<span class=\"elementor-icon-list-icon\">\n\t\t\t\t\t\t\t<svg aria-hidden=\"true\" class=\"e-font-icon-svg e-far-dot-circle\" viewBox=\"0 0 512 512\" xmlns=\"http:\/\/www.w3.org\/2000\/svg\"><path d=\"M256 56c110.532 0 200 89.451 200 200 0 110.532-89.451 200-200 200-110.532 0-200-89.451-200-200 0-110.532 89.451-200 200-200m0-48C119.033 8 8 119.033 8 256s111.033 248 248 248 248-111.033 248-248S392.967 8 256 8zm0 168c-44.183 0-80 35.817-80 80s35.817 80 80 80 80-35.817 80-80-35.817-80-80-80z\"><\/path><\/svg>\t\t\t\t\t\t<\/span>\n\t\t\t\t\t\t\t\t\t\t<span class=\"elementor-icon-list-text\">29 de agosto: Concierto de Jazz.<\/span>\n\t\t\t\t\t\t\t\t\t<\/li>\n\t\t\t\t\t\t\t\t<li class=\"elementor-icon-list-item\">\n\t\t\t\t\t\t\t\t\t\t\t<span class=\"elementor-icon-list-icon\">\n\t\t\t\t\t\t\t<svg aria-hidden=\"true\" class=\"e-font-icon-svg e-far-dot-circle\" viewBox=\"0 0 512 512\" xmlns=\"http:\/\/www.w3.org\/2000\/svg\"><path d=\"M256 56c110.532 0 200 89.451 200 200 0 110.532-89.451 200-200 200-110.532 0-200-89.451-200-200 0-110.532 89.451-200 200-200m0-48C119.033 8 8 119.033 8 256s111.033 248 248 248 248-111.033 248-248S392.967 8 256 8zm0 168c-44.183 0-80 35.817-80 80s35.817 80 80 80 80-35.817 80-80-35.817-80-80-80z\"><\/path><\/svg>\t\t\t\t\t\t<\/span>\n\t\t\t\t\t\t\t\t\t\t<span class=\"elementor-icon-list-text\">30 de agosto: Concierto de Rock.<\/span>\n\t\t\t\t\t\t\t\t\t<\/li>\n\t\t\t\t\t\t\t\t<li class=\"elementor-icon-list-item\">\n\t\t\t\t\t\t\t\t\t\t<span class=\"elementor-icon-list-text\"><\/span>\n\t\t\t\t\t\t\t\t\t<\/li>\n\t\t\t\t\t\t\t\t<li class=\"elementor-icon-list-item\">\n\t\t\t\t\t\t\t\t\t\t<span class=\"elementor-icon-list-text\">\u00a1Te invitamos a unirte a nosotros para celebrar esta ocasi\u00f3n tan especial con m\u00fasica y alegr\u00eda!<\/span>\n\t\t\t\t\t\t\t\t\t<\/li>\n\t\t\t\t\t\t<\/ul>\n\t\t\t\t\t\t<\/div>\n\t\t\t\t<\/div>\n\t\t\t\t<div class=\"elementor-element elementor-element-bcf2697 elementor-icon-list--layout-traditional elementor-list-item-link-full_width elementor-widget elementor-widget-icon-list\" data-id=\"bcf2697\" data-element_type=\"widget\" data-e-type=\"widget\" data-widget_type=\"icon-list.default\">\n\t\t\t\t<div class=\"elementor-widget-container\">\n\t\t\t\t\t\t\t<ul class=\"elementor-icon-list-items\">\n\t\t\t\t\t\t\t<li class=\"elementor-icon-list-item\">\n\t\t\t\t\t\t\t\t\t\t\t<span class=\"elementor-icon-list-icon\">\n\t\t\t\t\t\t\t<svg aria-hidden=\"true\" class=\"e-font-icon-svg e-fas-dot-circle\" viewBox=\"0 0 512 512\" xmlns=\"http:\/\/www.w3.org\/2000\/svg\"><path d=\"M256 8C119.033 8 8 119.033 8 256s111.033 248 248 248 248-111.033 248-248S392.967 8 256 8zm80 248c0 44.112-35.888 80-80 80s-80-35.888-80-80 35.888-80 80-80 80 35.888 80 80z\"><\/path><\/svg>\t\t\t\t\t\t<\/span>\n\t\t\t\t\t\t\t\t\t\t<span class=\"elementor-icon-list-text\">29 de agosto: Taller de Inteligencia Artificial.  Este evento est\u00e1 dise\u00f1ado para explorar las \u00faltimas tendencias y aplicaciones en el campo de la IA.\u200b<\/span>\n\t\t\t\t\t\t\t\t\t<\/li>\n\t\t\t\t\t\t\t\t<li class=\"elementor-icon-list-item\">\n\t\t\t\t\t\t\t\t\t\t\t<span class=\"elementor-icon-list-icon\">\n\t\t\t\t\t\t\t<svg aria-hidden=\"true\" class=\"e-font-icon-svg e-fas-dot-circle\" viewBox=\"0 0 512 512\" xmlns=\"http:\/\/www.w3.org\/2000\/svg\"><path d=\"M256 8C119.033 8 8 119.033 8 256s111.033 248 248 248 248-111.033 248-248S392.967 8 256 8zm80 248c0 44.112-35.888 80-80 80s-80-35.888-80-80 35.888-80 80-80 80 35.888 80 80z\"><\/path><\/svg>\t\t\t\t\t\t<\/span>\n\t\t\t\t\t\t\t\t\t\t<span class=\"elementor-icon-list-text\"><span class=\"elementor-icon-list-text elementor-inline-editing pen\" data-elementor-setting-key=\"icon_list.1.text\" data-pen-placeholder=\"Type Here...\"><span data-elementor-setting-key=\"icon_list.0.text\" data-pen-placeholder=\"Type Here...\">29 de agosto: <\/span><span data-elementor-setting-key=\"icon_list.2.text\" data-pen-placeholder=\"Type Here...\">Misa Especial en honor al 70 aniversario del Colegio San Agust\u00edn. Este evento ser\u00e1 una oportunidad \u00fanica para reunirnos y celebrar juntos esta significativa ocasi\u00f3n.<\/span><\/span><\/span>\n\t\t\t\t\t\t\t\t\t<\/li>\n\t\t\t\t\t\t\t\t<li class=\"elementor-icon-list-item\">\n\t\t\t\t\t\t\t\t\t\t\t<span class=\"elementor-icon-list-icon\">\n\t\t\t\t\t\t\t<svg aria-hidden=\"true\" class=\"e-font-icon-svg e-fas-dot-circle\" viewBox=\"0 0 512 512\" xmlns=\"http:\/\/www.w3.org\/2000\/svg\"><path d=\"M256 8C119.033 8 8 119.033 8 256s111.033 248 248 248 248-111.033 248-248S392.967 8 256 8zm80 248c0 44.112-35.888 80-80 80s-80-35.888-80-80 35.888-80 80-80 80 35.888 80 80z\"><\/path><\/svg>\t\t\t\t\t\t<\/span>\n\t\t\t\t\t\t\t\t\t\t<span class=\"elementor-icon-list-text\">30 de agosto: Te invitamos a participar en nuestro pr\u00f3ximo Foro de Inteligencia Artificial. Este evento reunir\u00e1 a expertos y entusiastas para explorar y debatir las \u00faltimas innovaciones y aplicaciones en el campo de la IA (Inteligencia Artificial).<\/span>\n\t\t\t\t\t\t\t\t\t<\/li>\n\t\t\t\t\t\t\t\t<li class=\"elementor-icon-list-item\">\n\t\t\t\t\t\t\t\t\t\t\t<span class=\"elementor-icon-list-icon\">\n\t\t\t\t\t\t\t<svg aria-hidden=\"true\" class=\"e-font-icon-svg e-fas-dot-circle\" viewBox=\"0 0 512 512\" xmlns=\"http:\/\/www.w3.org\/2000\/svg\"><path d=\"M256 8C119.033 8 8 119.033 8 256s111.033 248 248 248 248-111.033 248-248S392.967 8 256 8zm80 248c0 44.112-35.888 80-80 80s-80-35.888-80-80 35.888-80 80-80 80 35.888 80 80z\"><\/path><\/svg>\t\t\t\t\t\t<\/span>\n\t\t\t\t\t\t\t\t\t\t<span class=\"elementor-icon-list-text\">06 de septiembre: Asamblea General Ordinaria de FESA, en cumplimiento de los estatutos. En esta asamblea se presentar\u00e1 el informe anual y se elegir\u00e1n nuevos miembros\u00a0del\u00a0directorio.<\/span>\n\t\t\t\t\t\t\t\t\t<\/li>\n\t\t\t\t\t\t\t\t<li class=\"elementor-icon-list-item\">\n\t\t\t\t\t\t\t\t\t\t\t<span class=\"elementor-icon-list-icon\">\n\t\t\t\t\t\t\t<svg aria-hidden=\"true\" class=\"e-font-icon-svg e-fas-dot-circle\" viewBox=\"0 0 512 512\" xmlns=\"http:\/\/www.w3.org\/2000\/svg\"><path d=\"M256 8C119.033 8 8 119.033 8 256s111.033 248 248 248 248-111.033 248-248S392.967 8 256 8zm80 248c0 44.112-35.888 80-80 80s-80-35.888-80-80 35.888-80 80-80 80 35.888 80 80z\"><\/path><\/svg>\t\t\t\t\t\t<\/span>\n\t\t\t\t\t\t\t\t\t\t<span class=\"elementor-icon-list-text\">06 y 07 de septiembre: Primer Congreso Conecta Edu, organizado por FESA y la Fundaci\u00f3n Sim\u00f3n I. Pati\u00f1o. El congreso se llevar\u00e1 a cabo en dos sedes: el Palacio Portales (primer d\u00eda) y el Colegio San Agust\u00edn (segundo d\u00eda). El primer d\u00eda se realizar\u00e1n din\u00e1micas y talleres para estudiantes, profesores y gestores educativos, adem\u00e1s se formalizar\u00e1 la declaratoria de Territorio STEM Cochabamba con la participaci\u00f3n presencial de SIEMENS Stiftung, un hito para el departamento de Cochabamba.<\/span>\n\t\t\t\t\t\t\t\t\t<\/li>\n\t\t\t\t\t\t<\/ul>\n\t\t\t\t\t\t<\/div>\n\t\t\t\t<\/div>\n\t\t\t\t<div class=\"elementor-element elementor-element-7a32d7e elementor-widget-divider--view-line elementor-widget elementor-widget-divider\" data-id=\"7a32d7e\" data-element_type=\"widget\" data-e-type=\"widget\" data-widget_type=\"divider.default\">\n\t\t\t\t<div class=\"elementor-widget-container\">\n\t\t\t\t\t\t\t<div class=\"elementor-divider\">\n\t\t\t<span class=\"elementor-divider-separator\">\n\t\t\t\t\t\t<\/span>\n\t\t<\/div>\n\t\t\t\t\t\t<\/div>\n\t\t\t\t<\/div>\n\t\t\t\t\t<\/div>\n\t\t<\/div>\n\t\t\t\t\t<\/div>\n\t\t<\/section>\n\t\t\t\t<\/div>\n\t\t","protected":false},"excerpt":{"rendered":"<p>CRONOGRAMA DE ACTIVIDADES A continuaci\u00f3n, se presenta la cronolog\u00eda de las actividades de la Fundaci\u00f3n Educacional San Agust\u00edn (FESA) relacionadas con las Olimpiadas STEM+, los 70 a\u00f1os del Colegio San Agust\u00edn, y otros eventos importantes. Entramos en detalle de cada &hellip;<\/p>\n<p class=\"read-more\"> <a class=\"more-link\" href=\"https:\/\/fesa.edu.bo\/index.php\/cronograma-fesa\/\"> <span class=\"screen-reader-text\">cronograma FESA<\/span> Read More &raquo;<\/a><\/p>\n","protected":false},"author":1,"featured_media":0,"parent":0,"menu_order":0,"comment_status":"closed","ping_status":"closed","template":"elementor_header_footer","meta":{"pmpro_default_level":"","footnotes":""},"class_list":["post-4319","page","type-page","status-publish","hentry","pmpro-has-access"],"featured_image_src":"","featured_image_src_square":false,"rbea_author_info":{"display_name":"juan.choque","author_link":"https:\/\/fesa.edu.bo\/author\/juan-choque\/"},"rbea_excerpt_info":"CRONOGRAMA DE ACTIVIDADES A continuaci\u00f3n, se presenta la cronolog\u00eda de las actividades de la Fundaci\u00f3n Educacional San Agust\u00edn (FESA) relacionadas con las Olimpiadas STEM+, los 70 a\u00f1os del Colegio San Agust\u00edn, y otros eventos importantes. Entramos en detalle de cada &hellip;<p class=\"read-more\"> <a class=\"more-link\" href=\"https:\/\/fesa.edu.bo\/index.php\/cronograma-fesa\/\"> <span class=\"screen-reader-text\">cronograma FESA<\/span> Read More &raquo;<\/a><\/p>","_links":{"self":[{"href":"https:\/\/fesa.edu.bo\/index.php\/wp-json\/wp\/v2\/pages\/4319","targetHints":{"allow":["GET"]}}],"collection":[{"href":"https:\/\/fesa.edu.bo\/index.php\/wp-json\/wp\/v2\/pages"}],"about":[{"href":"https:\/\/fesa.edu.bo\/index.php\/wp-json\/wp\/v2\/types\/page"}],"author":[{"embeddable":true,"href":"https:\/\/fesa.edu.bo\/index.php\/wp-json\/wp\/v2\/users\/1"}],"replies":[{"embeddable":true,"href":"https:\/\/fesa.edu.bo\/index.php\/wp-json\/wp\/v2\/comments?post=4319"}],"version-history":[{"count":130,"href":"https:\/\/fesa.edu.bo\/index.php\/wp-json\/wp\/v2\/pages\/4319\/revisions"}],"predecessor-version":[{"id":4473,"href":"https:\/\/fesa.edu.bo\/index.php\/wp-json\/wp\/v2\/pages\/4319\/revisions\/4473"}],"wp:attachment":[{"href":"https:\/\/fesa.edu.bo\/index.php\/wp-json\/wp\/v2\/media?parent=4319"}],"curies":[{"name":"wp","href":"https:\/\/api.w.org\/{rel}","templated":true}]}}