{"id":4182,"date":"2024-07-19T22:38:29","date_gmt":"2024-07-19T20:38:29","guid":{"rendered":"https:\/\/fesa.edu.bo\/?page_id=4182"},"modified":"2024-07-19T22:46:30","modified_gmt":"2024-07-19T20:46:30","slug":"segundo-lugar-academias-cisco","status":"publish","type":"page","link":"https:\/\/fesa.edu.bo\/index.php\/segundo-lugar-academias-cisco\/","title":{"rendered":"segundo lugar academias CISCO"},"content":{"rendered":"\t\t<div data-elementor-type=\"wp-page\" data-elementor-id=\"4182\" class=\"elementor elementor-4182\">\n\t\t\t\t\t\t<section class=\"elementor-section elementor-top-section elementor-element elementor-element-ed3c6ad elementor-section-boxed elementor-section-height-default elementor-section-height-default\" data-id=\"ed3c6ad\" data-element_type=\"section\" data-e-type=\"section\" data-settings=\"{&quot;background_background&quot;:&quot;classic&quot;}\">\n\t\t\t\t\t\t\t<div class=\"elementor-background-overlay\"><\/div>\n\t\t\t\t\t\t\t<div class=\"elementor-container elementor-column-gap-default\">\n\t\t\t\t\t<div class=\"elementor-column elementor-col-100 elementor-top-column elementor-element elementor-element-f54ac80\" data-id=\"f54ac80\" data-element_type=\"column\" data-e-type=\"column\">\n\t\t\t<div class=\"elementor-widget-wrap elementor-element-populated\">\n\t\t\t\t\t\t<div class=\"elementor-element elementor-element-91ac2fa elementor-widget elementor-widget-heading\" data-id=\"91ac2fa\" data-element_type=\"widget\" data-e-type=\"widget\" data-widget_type=\"heading.default\">\n\t\t\t\t<div class=\"elementor-widget-container\">\n\t\t\t\t\t<h1 class=\"elementor-heading-title elementor-size-default\">2do lugar Academias, en las <br>CISCO Cyber Games LATAM 2024<br>  con la Academia Tecnol\u00f3gica San Agust\u00edn ATSA<\/h1>\t\t\t\t<\/div>\n\t\t\t\t<\/div>\n\t\t\t\t\t<\/div>\n\t\t<\/div>\n\t\t\t\t\t<\/div>\n\t\t<\/section>\n\t\t\t\t<section class=\"elementor-section elementor-top-section elementor-element elementor-element-18721ce elementor-section-boxed elementor-section-height-default elementor-section-height-default\" data-id=\"18721ce\" data-element_type=\"section\" data-e-type=\"section\" data-settings=\"{&quot;background_background&quot;:&quot;classic&quot;}\">\n\t\t\t\t\t\t<div class=\"elementor-container elementor-column-gap-default\">\n\t\t\t\t\t<div class=\"elementor-column elementor-col-50 elementor-top-column elementor-element elementor-element-aab43a4\" data-id=\"aab43a4\" data-element_type=\"column\" data-e-type=\"column\">\n\t\t\t<div class=\"elementor-widget-wrap elementor-element-populated\">\n\t\t\t\t\t\t<div class=\"elementor-element elementor-element-08573d5 elementor-widget elementor-widget-image\" data-id=\"08573d5\" data-element_type=\"widget\" data-e-type=\"widget\" data-widget_type=\"image.default\">\n\t\t\t\t<div class=\"elementor-widget-container\">\n\t\t\t\t\t\t\t\t\t\t\t\t\t\t\t<img fetchpriority=\"high\" decoding=\"async\" width=\"566\" height=\"536\" src=\"https:\/\/fesa.edu.bo\/wp-content\/uploads\/2024\/07\/Trofeo-CISCO.png\" class=\"attachment-full size-full wp-image-4184\" alt=\"\" srcset=\"https:\/\/fesa.edu.bo\/wp-content\/uploads\/2024\/07\/Trofeo-CISCO.png 566w, https:\/\/fesa.edu.bo\/wp-content\/uploads\/2024\/07\/Trofeo-CISCO-300x284.png 300w, https:\/\/fesa.edu.bo\/wp-content\/uploads\/2024\/07\/Trofeo-CISCO-100x95.png 100w, https:\/\/fesa.edu.bo\/wp-content\/uploads\/2024\/07\/Trofeo-CISCO-150x142.png 150w, https:\/\/fesa.edu.bo\/wp-content\/uploads\/2024\/07\/Trofeo-CISCO-200x189.png 200w, https:\/\/fesa.edu.bo\/wp-content\/uploads\/2024\/07\/Trofeo-CISCO-450x426.png 450w\" sizes=\"(max-width: 566px) 100vw, 566px\" \/>\t\t\t\t\t\t\t\t\t\t\t\t\t\t\t<\/div>\n\t\t\t\t<\/div>\n\t\t\t\t\t<\/div>\n\t\t<\/div>\n\t\t\t\t<div class=\"elementor-column elementor-col-50 elementor-top-column elementor-element elementor-element-2eb1ff1\" data-id=\"2eb1ff1\" data-element_type=\"column\" data-e-type=\"column\">\n\t\t\t<div class=\"elementor-widget-wrap elementor-element-populated\">\n\t\t\t\t\t\t<div class=\"elementor-element elementor-element-d03fa1f elementor-vertical-align-middle elementor-widget elementor-widget-image-box\" data-id=\"d03fa1f\" data-element_type=\"widget\" data-e-type=\"widget\" data-widget_type=\"image-box.default\">\n\t\t\t\t<div class=\"elementor-widget-container\">\n\t\t\t\t\t<div class=\"elementor-image-box-wrapper\"><div class=\"elementor-image-box-content\"><h2 class=\"elementor-image-box-title\">CISCO Cyber Games LATAM 2024<\/h2><\/div><\/div>\t\t\t\t<\/div>\n\t\t\t\t<\/div>\n\t\t\t\t<div class=\"elementor-element elementor-element-cc690b7 elementor-widget__width-initial elementor-widget elementor-widget-heading\" data-id=\"cc690b7\" data-element_type=\"widget\" data-e-type=\"widget\" data-widget_type=\"heading.default\">\n\t\t\t\t<div class=\"elementor-widget-container\">\n\t\t\t\t\t<p class=\"elementor-heading-title elementor-size-default\">La Academia Tecnol\u00f3gica San Agust\u00edn - ATSA, destac\u00f3 en los Cisco Cyber Games LATAM 2024 de Cisco Networking Academy Latinoam\u00e9rica obteniendo el segundo lugar a nivel Latinoam\u00e9rica, una competencia de primer nivel que celebra la excelencia en habilidades digitales y tecnol\u00f3gicas. \nEste logro refleja nuestro compromiso con la capacitaci\u00f3n en Tecnolog\u00eda de la Informaci\u00f3n, para el empleo y el desarrollo de una fuerza laboral inclusiva y preparada para los desaf\u00edos del futuro. \n\u00a1Seguimos avanzando con determinaci\u00f3n hacia el \u00e9xito digital!<\/p>\t\t\t\t<\/div>\n\t\t\t\t<\/div>\n\t\t\t\t<div class=\"elementor-element elementor-element-7a32d7e elementor-widget-divider--view-line elementor-widget elementor-widget-divider\" data-id=\"7a32d7e\" data-element_type=\"widget\" data-e-type=\"widget\" data-widget_type=\"divider.default\">\n\t\t\t\t<div class=\"elementor-widget-container\">\n\t\t\t\t\t\t\t<div class=\"elementor-divider\">\n\t\t\t<span class=\"elementor-divider-separator\">\n\t\t\t\t\t\t<\/span>\n\t\t<\/div>\n\t\t\t\t\t\t<\/div>\n\t\t\t\t<\/div>\n\t\t\t\t\t<\/div>\n\t\t<\/div>\n\t\t\t\t\t<\/div>\n\t\t<\/section>\n\t\t<div class=\"elementor-element elementor-element-876115a e-flex e-con-boxed e-con e-parent\" data-id=\"876115a\" data-element_type=\"container\" data-e-type=\"container\">\n\t\t\t\t\t<div class=\"e-con-inner\">\n\t\t\t\t<div class=\"elementor-element elementor-element-9da7f3b elementor-widget elementor-widget-image-gallery\" data-id=\"9da7f3b\" data-element_type=\"widget\" data-e-type=\"widget\" data-widget_type=\"image-gallery.default\">\n\t\t\t\t<div class=\"elementor-widget-container\">\n\t\t\t\t\t\t\t<div class=\"elementor-image-gallery\">\n\t\t\t<div id='gallery-1' class='gallery galleryid-4182 gallery-columns-2 gallery-size-medium_large'><figure class='gallery-item'>\n\t\t\t<div class='gallery-icon landscape'>\n\t\t\t\t<a data-elementor-open-lightbox=\"yes\" data-elementor-lightbox-slideshow=\"9da7f3b\" data-elementor-lightbox-title=\"Certificado CISCO\" data-e-action-hash=\"#elementor-action%3Aaction%3Dlightbox%26settings%3DeyJpZCI6NDE4NSwidXJsIjoiaHR0cHM6XC9cL2Zlc2EuZWR1LmJvXC93cC1jb250ZW50XC91cGxvYWRzXC8yMDI0XC8wN1wvQ2VydGlmaWNhZG8tQ0lTQ08ucG5nIiwic2xpZGVzaG93IjoiOWRhN2YzYiJ9\" href='https:\/\/fesa.edu.bo\/wp-content\/uploads\/2024\/07\/Certificado-CISCO.png'><img decoding=\"async\" width=\"745\" height=\"526\" src=\"https:\/\/fesa.edu.bo\/wp-content\/uploads\/2024\/07\/Certificado-CISCO.png\" class=\"attachment-medium_large size-medium_large\" alt=\"\" srcset=\"https:\/\/fesa.edu.bo\/wp-content\/uploads\/2024\/07\/Certificado-CISCO.png 745w, https:\/\/fesa.edu.bo\/wp-content\/uploads\/2024\/07\/Certificado-CISCO-300x212.png 300w, https:\/\/fesa.edu.bo\/wp-content\/uploads\/2024\/07\/Certificado-CISCO-100x71.png 100w, https:\/\/fesa.edu.bo\/wp-content\/uploads\/2024\/07\/Certificado-CISCO-150x106.png 150w, https:\/\/fesa.edu.bo\/wp-content\/uploads\/2024\/07\/Certificado-CISCO-200x141.png 200w, https:\/\/fesa.edu.bo\/wp-content\/uploads\/2024\/07\/Certificado-CISCO-450x318.png 450w, https:\/\/fesa.edu.bo\/wp-content\/uploads\/2024\/07\/Certificado-CISCO-600x424.png 600w\" sizes=\"(max-width: 745px) 100vw, 745px\" \/><\/a>\n\t\t\t<\/div><\/figure><figure class='gallery-item'>\n\t\t\t<div class='gallery-icon landscape'>\n\t\t\t\t<a data-elementor-open-lightbox=\"yes\" data-elementor-lightbox-slideshow=\"9da7f3b\" data-elementor-lightbox-title=\"CISCO\" data-e-action-hash=\"#elementor-action%3Aaction%3Dlightbox%26settings%3DeyJpZCI6NDE4NiwidXJsIjoiaHR0cHM6XC9cL2Zlc2EuZWR1LmJvXC93cC1jb250ZW50XC91cGxvYWRzXC8yMDI0XC8wN1wvQ0lTQ08tLnBuZyIsInNsaWRlc2hvdyI6IjlkYTdmM2IifQ%3D%3D\" href='https:\/\/fesa.edu.bo\/wp-content\/uploads\/2024\/07\/CISCO-.png'><img decoding=\"async\" width=\"608\" height=\"515\" src=\"https:\/\/fesa.edu.bo\/wp-content\/uploads\/2024\/07\/CISCO-.png\" class=\"attachment-medium_large size-medium_large\" alt=\"\" srcset=\"https:\/\/fesa.edu.bo\/wp-content\/uploads\/2024\/07\/CISCO-.png 608w, https:\/\/fesa.edu.bo\/wp-content\/uploads\/2024\/07\/CISCO--300x254.png 300w, https:\/\/fesa.edu.bo\/wp-content\/uploads\/2024\/07\/CISCO--100x85.png 100w, https:\/\/fesa.edu.bo\/wp-content\/uploads\/2024\/07\/CISCO--150x127.png 150w, https:\/\/fesa.edu.bo\/wp-content\/uploads\/2024\/07\/CISCO--200x169.png 200w, https:\/\/fesa.edu.bo\/wp-content\/uploads\/2024\/07\/CISCO--450x381.png 450w, https:\/\/fesa.edu.bo\/wp-content\/uploads\/2024\/07\/CISCO--600x508.png 600w\" sizes=\"(max-width: 608px) 100vw, 608px\" \/><\/a>\n\t\t\t<\/div><\/figure>\n\t\t<\/div>\n\t\t<\/div>\n\t\t\t\t\t\t<\/div>\n\t\t\t\t<\/div>\n\t\t\t\t\t<\/div>\n\t\t\t\t<\/div>\n\t\t\t\t<\/div>\n\t\t","protected":false},"excerpt":{"rendered":"<p>2do lugar Academias, en las CISCO Cyber Games LATAM 2024 con la Academia Tecnol\u00f3gica San Agust\u00edn ATSA CISCO Cyber Games LATAM 2024 La Academia Tecnol\u00f3gica San Agust\u00edn &#8211; ATSA, destac\u00f3 en los Cisco Cyber Games LATAM 2024 de Cisco Networking &hellip;<\/p>\n<p class=\"read-more\"> <a class=\"more-link\" href=\"https:\/\/fesa.edu.bo\/index.php\/segundo-lugar-academias-cisco\/\"> <span class=\"screen-reader-text\">segundo lugar academias CISCO<\/span> Read More &raquo;<\/a><\/p>\n","protected":false},"author":1,"featured_media":0,"parent":0,"menu_order":0,"comment_status":"closed","ping_status":"closed","template":"elementor_header_footer","meta":{"pmpro_default_level":"","footnotes":""},"class_list":["post-4182","page","type-page","status-publish","hentry","pmpro-has-access"],"featured_image_src":"","featured_image_src_square":false,"rbea_author_info":{"display_name":"juan.choque","author_link":"https:\/\/fesa.edu.bo\/author\/juan-choque\/"},"rbea_excerpt_info":"2do lugar Academias, en las CISCO Cyber Games LATAM 2024 con la Academia Tecnol\u00f3gica San Agust\u00edn ATSA CISCO Cyber Games LATAM 2024 La Academia Tecnol\u00f3gica San Agust\u00edn &#8211; ATSA, destac\u00f3 en los Cisco Cyber Games LATAM 2024 de Cisco Networking &hellip;<p class=\"read-more\"> <a class=\"more-link\" href=\"https:\/\/fesa.edu.bo\/index.php\/segundo-lugar-academias-cisco\/\"> <span class=\"screen-reader-text\">segundo lugar academias CISCO<\/span> Read More &raquo;<\/a><\/p>","_links":{"self":[{"href":"https:\/\/fesa.edu.bo\/index.php\/wp-json\/wp\/v2\/pages\/4182","targetHints":{"allow":["GET"]}}],"collection":[{"href":"https:\/\/fesa.edu.bo\/index.php\/wp-json\/wp\/v2\/pages"}],"about":[{"href":"https:\/\/fesa.edu.bo\/index.php\/wp-json\/wp\/v2\/types\/page"}],"author":[{"embeddable":true,"href":"https:\/\/fesa.edu.bo\/index.php\/wp-json\/wp\/v2\/users\/1"}],"replies":[{"embeddable":true,"href":"https:\/\/fesa.edu.bo\/index.php\/wp-json\/wp\/v2\/comments?post=4182"}],"version-history":[{"count":4,"href":"https:\/\/fesa.edu.bo\/index.php\/wp-json\/wp\/v2\/pages\/4182\/revisions"}],"predecessor-version":[{"id":4189,"href":"https:\/\/fesa.edu.bo\/index.php\/wp-json\/wp\/v2\/pages\/4182\/revisions\/4189"}],"wp:attachment":[{"href":"https:\/\/fesa.edu.bo\/index.php\/wp-json\/wp\/v2\/media?parent=4182"}],"curies":[{"name":"wp","href":"https:\/\/api.w.org\/{rel}","templated":true}]}}